{"id":14580,"date":"2019-05-10T10:55:48","date_gmt":"2019-05-10T03:55:48","guid":{"rendered":"http:\/\/eshop.heposvm.cz\/?page_id=14580"},"modified":"2023-10-25T11:19:14","modified_gmt":"2023-10-25T11:19:14","slug":"supermarket","status":"publish","type":"page","link":"https:\/\/eshop.heposvm.cz\/en\/","title":{"rendered":"Homepage"},"content":{"rendered":"<section class=\"wpb-content-wrapper\">\t<div  class=\"vc_row wpb_row vc_row-fluid vertical-ipad vc_custom_1560240945575 vc_column-gap-default ts-row-wide\"  ><div class=\"wpb_column vc_column_container vc_col-sm-3 vc_custom_1560241149766\">\n\t<div class=\"wpb_wrapper\">\n\t<div  class=\"wpb_widgetised_column wpb_content_element\">\n\t\t<div class=\"wpb_wrapper\">\n\t\t\t\n\t\t\t<section id=\"ts_menu-1\" class=\"widget-container ts-menu-widget\"><div class=\"widget-title-wrapper\"><a class=\"block-control\" href=\"javascript:void(0)\"><\/a><h3 class=\"widget-title heading-title\">Kategorie<\/h3><\/div><nav class=\"vertical-menu ts-mega-menu-wrapper\"><ul id=\"menu-kategorie-eshopu\" class=\"menu\"><li id=\"menu-item-15102\" class=\"menu-item menu-item-type-taxonomy menu-item-object-product_cat menu-item-has-children menu-item-15102 ts-normal-menu parent\">\n\t<a href=\"https:\/\/eshop.heposvm.cz\/en\/product-category\/tazne-tyce\/\"><span class=\"menu-label\">Ta\u017en\u00e9 ty\u010de<\/span><\/a><span class=\"ts-menu-drop-icon\"><\/span>\n<ul class=\"sub-menu\">\n\t<li id=\"menu-item-15104\" class=\"menu-item menu-item-type-taxonomy menu-item-object-product_cat menu-item-15104\">\n\t\t<a href=\"https:\/\/eshop.heposvm.cz\/en\/product-category\/tazne-tyce\/osobni-automobily\/\"><span class=\"menu-label\">Osobn\u00ed automobily<\/span><\/a><\/li>\n\t<li id=\"menu-item-15103\" class=\"menu-item menu-item-type-taxonomy menu-item-object-product_cat menu-item-15103\">\n\t\t<a href=\"https:\/\/eshop.heposvm.cz\/en\/product-category\/tazne-tyce\/nakladni-automobily\/\"><span class=\"menu-label\">N\u00e1kladn\u00ed automobily<\/span><\/a><\/li>\n\t<li id=\"menu-item-15106\" class=\"menu-item menu-item-type-taxonomy menu-item-object-product_cat menu-item-15106\">\n\t\t<a href=\"https:\/\/eshop.heposvm.cz\/en\/product-category\/tazne-tyce\/specialni-tazne-tyce\/\"><span class=\"menu-label\">Speci\u00e1ln\u00ed ta\u017en\u00e9 ty\u010de<\/span><\/a><\/li>\n\t<li id=\"menu-item-15105\" class=\"menu-item menu-item-type-taxonomy menu-item-object-product_cat menu-item-15105\">\n\t\t<a href=\"https:\/\/eshop.heposvm.cz\/en\/product-category\/tazne-tyce\/prislusenstvi\/\"><span class=\"menu-label\">P\u0159\u00edslu\u0161enstv\u00ed<\/span><\/a><\/li>\n<\/ul>\n<\/li>\n<li id=\"menu-item-15427\" class=\"menu-item menu-item-type-taxonomy menu-item-object-product_cat menu-item-15427 ts-normal-menu\">\n\t<a href=\"https:\/\/eshop.heposvm.cz\/en\/product-category\/pujcovna-tyci\/\"><span class=\"menu-label\">P\u016fj\u010dovna ta\u017en\u00fdch ty\u010d\u00ed<\/span><\/a><\/li>\n<li id=\"menu-item-15108\" class=\"menu-item menu-item-type-taxonomy menu-item-object-product_cat menu-item-15108 ts-normal-menu\">\n\t<a href=\"https:\/\/eshop.heposvm.cz\/en\/product-category\/zakladaci-kliny\/\"><span class=\"menu-label\">Zakl\u00e1dac\u00ed kl\u00edny<\/span><\/a><\/li>\n<li id=\"menu-item-15107\" class=\"menu-item menu-item-type-taxonomy menu-item-object-product_cat menu-item-15107 ts-normal-menu\">\n\t<a href=\"https:\/\/eshop.heposvm.cz\/en\/product-category\/zahradni-sprcha\/\"><span class=\"menu-label\">Zahradn\u00ed sprcha<\/span><\/a><\/li>\n<li id=\"menu-item-15279\" class=\"menu-item menu-item-type-taxonomy menu-item-object-product_cat menu-item-15279 ts-normal-menu\">\n\t<a href=\"https:\/\/eshop.heposvm.cz\/en\/product-category\/zakazkova-vyroba\/\"><span class=\"menu-label\">Zak\u00e1zkov\u00e1 v\u00fdroba<\/span><\/a><\/li>\n<\/ul><\/nav><\/section>\n\t\t<\/div>\n\t<\/div>\n<div class=\"vc_row wpb_row vc_inner vc_row-fluid vc_column-gap-default\"><div class=\"wpb_column vc_column_container vc_col-sm-12 vc_hidden-sm vc_hidden-xs\"><div class=\"vc_column-inner\"><div class=\"wpb_wrapper\"><div class=\"vc_empty_space\"   style=\"height: 30px\"><span class=\"vc_empty_space_inner\"><\/span><\/div><\/div><\/div><\/div><\/div><div class=\"vc_row wpb_row vc_inner vc_row-fluid vc_column-gap-default\"><div class=\"wpb_column vc_column_container vc_col-sm-12 vc_hidden-sm vc_hidden-xs\"><div class=\"vc_column-inner\"><div class=\"wpb_wrapper\"><div class=\"vc_empty_space\"   style=\"height: 20px\"><span class=\"vc_empty_space_inner\"><\/span><\/div><\/div><\/div><\/div><\/div>\t<\/div>\n<\/div><div class=\"wpb_column vc_column_container vc_col-sm-9 vc_custom_1560240941192\">\n\t<div class=\"wpb_wrapper\">\n\t\n\t\t\t<!-- START Supermarket REVOLUTION SLIDER 6.6.14 --><p class=\"rs-p-wp-fix\"><\/p>\n\t\t\t<rs-module-wrap id=\"rev_slider_8_1_wrapper\" data-source=\"gallery\" style=\"visibility:hidden;background:transparent;padding:0;margin:0px auto;margin-top:0;margin-bottom:0;\">\n\t\t\t\t<rs-module id=\"rev_slider_8_1\" class=\" rs-ov-hidden\" style=\"\" data-version=\"6.6.14\">\n\t\t\t\t\t<rs-slides style=\"overflow: hidden; position: absolute;\">\n\t\t\t\t\t\t<rs-slide style=\"position: absolute;\" data-key=\"rs-22\" data-title=\"Slide\" data-thumb=\"\/\/eshop.heposvm.cz\/wp-content\/uploads\/2023\/10\/auto_870-100x50.jpeg\" data-in=\"o:1;y:-100%;\" data-out=\"a:false;\">\n\t\t\t\t\t\t\t<img decoding=\"async\" src=\"\/\/eshop.heposvm.cz\/wp-content\/plugins\/revslider\/public\/assets\/assets\/dummy.png\" alt=\"\" title=\"auto_870\" width=\"640\" height=\"318\" class=\"rev-slidebg tp-rs-img rs-lazyload\" data-lazyload=\"\/\/eshop.heposvm.cz\/wp-content\/uploads\/2023\/10\/auto_870.jpeg\" data-no-retina>\n<!--\n\t\t\t\t\t\t\t--><rs-layer\n\t\t\t\t\t\t\t\tid=\"slider-8-slide-22-layer-2\" \n\t\t\t\t\t\t\t\tdata-type=\"text\"\n\t\t\t\t\t\t\t\tdata-color=\"#222222\"\n\t\t\t\t\t\t\t\tdata-rsp_ch=\"on\"\n\t\t\t\t\t\t\t\tdata-xy=\"xo:60px,60px,60px,30px;y:m;yo:-15px,-15px,-15px,-10px;\"\n\t\t\t\t\t\t\t\tdata-text=\"s:14,14,14,12;l:22;fw:500;a:inherit;\"\n\t\t\t\t\t\t\t\tdata-frame_0=\"y:20px;\"\n\t\t\t\t\t\t\t\tdata-frame_1=\"e:expo.inOut;st:1400;sp:800;sR:1400;\"\n\t\t\t\t\t\t\t\tdata-frame_999=\"y:20px;o:0;e:expo.inOut;st:w;sp:600;sR:6600;\"\n\t\t\t\t\t\t\t\tstyle=\"z-index:7;font-family:'Montserrat';\"\n\t\t\t\t\t\t\t> \n\t\t\t\t\t\t\t<\/rs-layer><!--\n\n\t\t\t\t\t\t\t--><a\n\t\t\t\t\t\t\t\tid=\"slider-8-slide-22-layer-3\" \n\t\t\t\t\t\t\t\tclass=\"rs-layer rev-btn\"\n\t\t\t\t\t\t\t\thref=\"https:\/\/eshop.heposvm.cz\/product-category\/tazne-tyce\/osobni-automobily\" target=\"_self\"\n\t\t\t\t\t\t\t\tdata-type=\"button\"\n\t\t\t\t\t\t\t\tdata-color=\"rgba(255,255,255,1)\"\n\t\t\t\t\t\t\t\tdata-xy=\"xo:60px,60px,60px,30px;y:m;yo:85px,85px,85px,60px;\"\n\t\t\t\t\t\t\t\tdata-text=\"s:14,14,14,12;l:20;fw:600;a:inherit;\"\n\t\t\t\t\t\t\t\tdata-rsp_bd=\"off\"\n\t\t\t\t\t\t\t\tdata-padding=\"t:15,15,15,10;r:35,35,35,20;b:15,15,15,10;l:35,35,35,20;\"\n\t\t\t\t\t\t\t\tdata-frame_0=\"rX:70deg;oZ:-50;\"\n\t\t\t\t\t\t\t\tdata-frame_1=\"oZ:-50;e:expo.inOut;st:1700;sp:800;sR:1700;\"\n\t\t\t\t\t\t\t\tdata-frame_999=\"y:0;o:0;rX:70deg;oZ:-50;e:expo.inOut;st:w;sp:600;sR:6300;\"\n\t\t\t\t\t\t\t\tdata-frame_hover=\"bgc:#222;boc:#000;bor:0px,0px,0px,0px;bos:solid;oX:50;oY:50;sp:0;\"\n\t\t\t\t\t\t\t\tstyle=\"z-index:8;background-color:#006633;font-family:'Montserrat';cursor:pointer;outline:none;box-shadow:none;box-sizing:border-box;-moz-box-sizing:border-box;-webkit-box-sizing:border-box;\"\n\t\t\t\t\t\t\t>ZJISTIT V\u00cdCE \n\t\t\t\t\t\t\t<\/a><!--\n\n\t\t\t\t\t\t\t--><rs-layer\n\t\t\t\t\t\t\t\tid=\"slider-8-slide-22-layer-10\" \n\t\t\t\t\t\t\t\tdata-type=\"text\"\n\t\t\t\t\t\t\t\tdata-rsp_ch=\"on\"\n\t\t\t\t\t\t\t\tdata-xy=\"xo:60px,60px,60px,32px;y:m;yo:-85px,-85px,-85px,-46px;\"\n\t\t\t\t\t\t\t\tdata-text=\"w:normal;s:48,48,48,25;l:50,50,50,27;ls:1px,1px,1px,0px;fw:700;\"\n\t\t\t\t\t\t\t\tdata-padding=\"t:10;r:10;b:10;l:10;\"\n\t\t\t\t\t\t\t\tdata-frame_0_words=\"d:5;x:-100px,-100px,-100px,-54px;y:-50px,-50px,-50px,-27px;o:0;rX:0deg;rY:0deg;rZ:-90deg;\"\n\t\t\t\t\t\t\t\tdata-frame_1=\"e:back.out;st:700;sp:500;sR:700;\"\n\t\t\t\t\t\t\t\tdata-frame_1_words=\"e:back.out;d:20;\"\n\t\t\t\t\t\t\t\tdata-frame_999=\"y:bottom;sX:2;sY:2;o:0;rZ:70deg;e:expo.inOut;st:w;sp:600;sR:6600;\"\n\t\t\t\t\t\t\t\tstyle=\"z-index:4;background-color:rgba(0,102,51,0.7);font-family:'Montserrat';\"\n\t\t\t\t\t\t\t>Ta\u017en\u00e1 ty\u010d pro osobn\u00ed <br>automobily \n\t\t\t\t\t\t\t<\/rs-layer><!--\n-->\t\t\t\t\t\t<\/rs-slide>\n\t\t\t\t\t\t<rs-slide style=\"position: absolute;\" data-key=\"rs-26\" data-title=\"Slide\" data-thumb=\"\/\/eshop.heposvm.cz\/wp-content\/uploads\/2024\/10\/slide-hasici-deza-1-100x50.jpg\" data-in=\"o:0;\" data-out=\"a:false;\">\n\t\t\t\t\t\t\t<img decoding=\"async\" src=\"\/\/eshop.heposvm.cz\/wp-content\/plugins\/revslider\/public\/assets\/assets\/dummy.png\" alt=\"\" title=\"slide-hasici-deza\" width=\"945\" height=\"620\" class=\"rev-slidebg tp-rs-img rs-lazyload\" data-lazyload=\"\/\/eshop.heposvm.cz\/wp-content\/uploads\/2024\/10\/slide-hasici-deza-1.jpg\" data-no-retina>\n<!--\n\t\t\t\t\t\t\t--><a\n\t\t\t\t\t\t\t\tid=\"slider-8-slide-26-layer-0\" \n\t\t\t\t\t\t\t\tclass=\"rs-layer rev-btn\"\n\t\t\t\t\t\t\t\thref=\"https:\/\/eshop.heposvm.cz\/product-category\/tazne-tyce\/nakladni-automobily\" target=\"_self\"\n\t\t\t\t\t\t\t\tdata-type=\"button\"\n\t\t\t\t\t\t\t\tdata-color=\"rgba(255,255,255,1)\"\n\t\t\t\t\t\t\t\tdata-xy=\"xo:60px,60px,60px,30px;y:m;yo:85px,85px,85px,60px;\"\n\t\t\t\t\t\t\t\tdata-text=\"s:14,14,14,12;l:20;fw:600;a:inherit;\"\n\t\t\t\t\t\t\t\tdata-rsp_bd=\"off\"\n\t\t\t\t\t\t\t\tdata-padding=\"t:15,15,15,10;r:35,35,35,20;b:15,15,15,10;l:35,35,35,20;\"\n\t\t\t\t\t\t\t\tdata-frame_0=\"rX:70deg;oZ:-50;\"\n\t\t\t\t\t\t\t\tdata-frame_1=\"oZ:-50;e:expo.inOut;st:1700;sp:800;sR:1700;\"\n\t\t\t\t\t\t\t\tdata-frame_999=\"y:0;o:0;rX:70deg;oZ:-50;e:expo.inOut;st:w;sp:600;sR:6300;\"\n\t\t\t\t\t\t\t\tdata-frame_hover=\"bgc:#222;boc:#000;bor:0px,0px,0px,0px;bos:solid;oX:50;oY:50;sp:0;\"\n\t\t\t\t\t\t\t\tstyle=\"z-index:11;background-color:#006633;font-family:'Montserrat';cursor:pointer;outline:none;box-shadow:none;box-sizing:border-box;-moz-box-sizing:border-box;-webkit-box-sizing:border-box;\"\n\t\t\t\t\t\t\t>ZJISTIT V\u00cdCE \n\t\t\t\t\t\t\t<\/a><!--\n\n\t\t\t\t\t\t\t--><rs-layer\n\t\t\t\t\t\t\t\tid=\"slider-8-slide-26-layer-4\" \n\t\t\t\t\t\t\t\tdata-type=\"text\"\n\t\t\t\t\t\t\t\tdata-rsp_ch=\"on\"\n\t\t\t\t\t\t\t\tdata-xy=\"xo:60px,60px,60px,32px;y:m;yo:-85px,-85px,-85px,-46px;\"\n\t\t\t\t\t\t\t\tdata-text=\"w:normal;s:48,48,48,25;l:50,50,50,27;ls:1px,1px,1px,0px;fw:700;\"\n\t\t\t\t\t\t\t\tdata-padding=\"t:10;r:10;b:10;l:10;\"\n\t\t\t\t\t\t\t\tdata-frame_0_words=\"d:5;x:-100px,-100px,-100px,-54px;y:-50px,-50px,-50px,-27px;o:0;rX:0deg;rY:0deg;rZ:-90deg;\"\n\t\t\t\t\t\t\t\tdata-frame_1=\"e:back.out;st:700;sp:500;sR:700;\"\n\t\t\t\t\t\t\t\tdata-frame_1_words=\"e:back.out;d:20;\"\n\t\t\t\t\t\t\t\tdata-frame_999=\"y:bottom;sX:2;sY:2;o:0;rZ:70deg;e:expo.inOut;st:w;sp:600;sR:6600;\"\n\t\t\t\t\t\t\t\tstyle=\"z-index:5;background-color:rgba(0,102,51,0.7);font-family:'Montserrat';\"\n\t\t\t\t\t\t\t>Ta\u017en\u00e1 ty\u010d pro n\u00e1kladn\u00ed <br>automobily \n\t\t\t\t\t\t\t<\/rs-layer><!--\n-->\t\t\t\t\t\t<\/rs-slide>\n\t\t\t\t\t\t<rs-slide style=\"position: absolute;\" data-key=\"rs-23\" data-title=\"Slide\" data-thumb=\"\/\/eshop.heposvm.cz\/wp-content\/uploads\/2023\/10\/zabradli_cobbler_870-100x50.jpeg\" data-in=\"o:1;y:100%;\" data-out=\"a:false;\">\n\t\t\t\t\t\t\t<img decoding=\"async\" src=\"\/\/eshop.heposvm.cz\/wp-content\/plugins\/revslider\/public\/assets\/assets\/dummy.png\" alt=\"\" title=\"zabradli_cobbler_870\" width=\"640\" height=\"390\" class=\"rev-slidebg tp-rs-img rs-lazyload\" data-lazyload=\"\/\/eshop.heposvm.cz\/wp-content\/uploads\/2023\/10\/zabradli_cobbler_870.jpeg\" data-no-retina>\n<!--\n\t\t\t\t\t\t\t--><rs-layer\n\t\t\t\t\t\t\t\tid=\"slider-8-slide-23-layer-1\" \n\t\t\t\t\t\t\t\tdata-type=\"text\"\n\t\t\t\t\t\t\t\tdata-rsp_ch=\"on\"\n\t\t\t\t\t\t\t\tdata-xy=\"x:r;xo:60px,60px,60px,30px;y:m;yo:-85px,-85px,-85px,-60px;\"\n\t\t\t\t\t\t\t\tdata-text=\"s:48,48,48,30;l:50,50,50,34;ls:1px,1px,1px,0px;fw:700;a:right;\"\n\t\t\t\t\t\t\t\tdata-padding=\"t:10;r:10;b:10;l:10;\"\n\t\t\t\t\t\t\t\tdata-frame_0_words=\"d:5;x:100px;y:-50px;o:0;rZ:30deg;\"\n\t\t\t\t\t\t\t\tdata-frame_1=\"e:back.out;st:700;sp:500;sR:700;\"\n\t\t\t\t\t\t\t\tdata-frame_1_words=\"e:back.out;d:20;\"\n\t\t\t\t\t\t\t\tdata-frame_999=\"y:bottom;sX:2;sY:2;o:0;rZ:70deg;e:expo.inOut;st:w;sp:600;sR:6500;\"\n\t\t\t\t\t\t\t\tstyle=\"z-index:5;background-color:rgba(0,102,51,0.7);font-family:'Montserrat';\"\n\t\t\t\t\t\t\t>Zak\u00e1zkov\u00e1 v\u00fdroba \n\t\t\t\t\t\t\t<\/rs-layer><!--\n\n\t\t\t\t\t\t\t--><rs-layer\n\t\t\t\t\t\t\t\tid=\"slider-8-slide-23-layer-2\" \n\t\t\t\t\t\t\t\tdata-type=\"text\"\n\t\t\t\t\t\t\t\tdata-color=\"#222222\"\n\t\t\t\t\t\t\t\tdata-rsp_ch=\"on\"\n\t\t\t\t\t\t\t\tdata-xy=\"x:r;xo:60px,60px,60px,30px;y:m;yo:-15px,-15px,-15px,-10px;\"\n\t\t\t\t\t\t\t\tdata-text=\"s:14,14,14,12;l:22;fw:500;a:right;\"\n\t\t\t\t\t\t\t\tdata-frame_0=\"y:20px;\"\n\t\t\t\t\t\t\t\tdata-frame_1=\"e:expo.inOut;st:1400;sp:800;sR:1400;\"\n\t\t\t\t\t\t\t\tdata-frame_999=\"y:20px;o:0;e:expo.inOut;st:w;sp:600;sR:6600;\"\n\t\t\t\t\t\t\t\tstyle=\"z-index:6;font-family:'Montserrat';\"\n\t\t\t\t\t\t\t> \n\t\t\t\t\t\t\t<\/rs-layer><!--\n\n\t\t\t\t\t\t\t--><a\n\t\t\t\t\t\t\t\tid=\"slider-8-slide-23-layer-3\" \n\t\t\t\t\t\t\t\tclass=\"rs-layer rev-btn\"\n\t\t\t\t\t\t\t\thref=\"https:\/\/eshop.heposvm.cz\/product-category\/zakazkova-vyroba\/\" target=\"_self\"\n\t\t\t\t\t\t\t\tdata-type=\"button\"\n\t\t\t\t\t\t\t\tdata-color=\"rgba(255,255,255,1)\"\n\t\t\t\t\t\t\t\tdata-xy=\"x:r;xo:60px,60px,60px,30px;y:m;yo:85px,85px,85px,60px;\"\n\t\t\t\t\t\t\t\tdata-text=\"s:14,14,14,12;l:20;fw:600;a:inherit;\"\n\t\t\t\t\t\t\t\tdata-rsp_bd=\"off\"\n\t\t\t\t\t\t\t\tdata-padding=\"t:15,15,15,10;r:35,35,35,20;b:15,15,15,10;l:35,35,35,20;\"\n\t\t\t\t\t\t\t\tdata-frame_0=\"rX:70deg;oZ:-50;\"\n\t\t\t\t\t\t\t\tdata-frame_1=\"oZ:-50;e:expo.inOut;st:1700;sp:800;sR:1700;\"\n\t\t\t\t\t\t\t\tdata-frame_999=\"y:0;o:0;rX:70deg;oZ:-50;e:expo.inOut;st:w;sp:600;sR:6300;\"\n\t\t\t\t\t\t\t\tdata-frame_hover=\"bgc:#222;boc:#000;bor:0px,0px,0px,0px;bos:solid;oX:50;oY:50;sp:0;\"\n\t\t\t\t\t\t\t\tstyle=\"z-index:7;background-color:#006633;font-family:'Montserrat';cursor:pointer;outline:none;box-shadow:none;box-sizing:border-box;-moz-box-sizing:border-box;-webkit-box-sizing:border-box;\"\n\t\t\t\t\t\t\t>ZJISTIT V\u00cdCE \n\t\t\t\t\t\t\t<\/a><!--\n-->\t\t\t\t\t\t<\/rs-slide>\n\t\t\t\t\t\t<rs-slide style=\"position: absolute;\" data-key=\"rs-24\" data-title=\"Slide\" data-thumb=\"\/\/eshop.heposvm.cz\/wp-content\/uploads\/2023\/10\/Stul-I-870_530-100x50.jpeg\" data-in=\"o:1;y:-100%;\" data-out=\"a:false;\">\n\t\t\t\t\t\t\t<img decoding=\"async\" src=\"\/\/eshop.heposvm.cz\/wp-content\/plugins\/revslider\/public\/assets\/assets\/dummy.png\" alt=\"\" title=\"Stul I 870_530\" width=\"640\" height=\"468\" class=\"rev-slidebg tp-rs-img rs-lazyload\" data-lazyload=\"\/\/eshop.heposvm.cz\/wp-content\/uploads\/2023\/10\/Stul-I-870_530.jpeg\" data-no-retina>\n<!--\n\t\t\t\t\t\t\t--><a\n\t\t\t\t\t\t\t\tid=\"slider-8-slide-24-layer-1\" \n\t\t\t\t\t\t\t\tclass=\"rs-layer\"\n\t\t\t\t\t\t\t\thref=\"\" target=\"_self\"\n\t\t\t\t\t\t\t\tdata-type=\"text\"\n\t\t\t\t\t\t\t\tdata-rsp_ch=\"on\"\n\t\t\t\t\t\t\t\tdata-xy=\"xo:60px,60px,60px,30px;y:m;yo:-85px,-85px,-85px,-60px;\"\n\t\t\t\t\t\t\t\tdata-text=\"s:48,48,48,30;l:50,50,50,34;ls:1px,1px,1px,0px;fw:700;a:inherit;\"\n\t\t\t\t\t\t\t\tdata-padding=\"t:10;r:10;b:10;l:10;\"\n\t\t\t\t\t\t\t\tdata-frame_0_words=\"d:5;x:-100px;y:50px;o:0;rZ:-30deg;\"\n\t\t\t\t\t\t\t\tdata-frame_1=\"e:back.out;st:700;sp:500;\"\n\t\t\t\t\t\t\t\tdata-frame_1_words=\"e:back.out;d:20;\"\n\t\t\t\t\t\t\t\tdata-frame_999=\"y:bottom;sX:2;sY:2;o:0;rZ:70deg;e:expo.inOut;st:w;sp:600;\"\n\t\t\t\t\t\t\t\tstyle=\"z-index:6;background-color:rgba(0,102,44,0.7);font-family:'Montserrat';\"\n\t\t\t\t\t\t\t>Zak\u00e1zkov\u00e1 v\u00fdroba \n\t\t\t\t\t\t\t<\/a><!--\n\n\t\t\t\t\t\t\t--><rs-layer\n\t\t\t\t\t\t\t\tid=\"slider-8-slide-24-layer-2\" \n\t\t\t\t\t\t\t\tdata-type=\"text\"\n\t\t\t\t\t\t\t\tdata-color=\"#222222\"\n\t\t\t\t\t\t\t\tdata-rsp_ch=\"on\"\n\t\t\t\t\t\t\t\tdata-xy=\"xo:60px,60px,60px,30px;y:m;yo:-15px,-15px,-15px,-10px;\"\n\t\t\t\t\t\t\t\tdata-text=\"s:14,14,14,12;l:22;fw:500;a:inherit;\"\n\t\t\t\t\t\t\t\tdata-frame_0=\"y:20px;\"\n\t\t\t\t\t\t\t\tdata-frame_1=\"e:expo.inOut;st:1400;sp:800;sR:1400;\"\n\t\t\t\t\t\t\t\tdata-frame_999=\"y:20px;o:0;e:expo.inOut;st:w;sp:600;sR:6600;\"\n\t\t\t\t\t\t\t\tstyle=\"z-index:7;font-family:'Montserrat';\"\n\t\t\t\t\t\t\t> \n\t\t\t\t\t\t\t<\/rs-layer><!--\n\n\t\t\t\t\t\t\t--><a\n\t\t\t\t\t\t\t\tid=\"slider-8-slide-24-layer-3\" \n\t\t\t\t\t\t\t\tclass=\"rs-layer rev-btn\"\n\t\t\t\t\t\t\t\thref=\"https:\/\/eshop.heposvm.cz\/product-category\/zakazkova-vyroba\/\" target=\"_self\"\n\t\t\t\t\t\t\t\tdata-type=\"button\"\n\t\t\t\t\t\t\t\tdata-color=\"rgba(255,255,255,1)\"\n\t\t\t\t\t\t\t\tdata-xy=\"xo:60px,60px,60px,30px;y:m;yo:85px,85px,85px,60px;\"\n\t\t\t\t\t\t\t\tdata-text=\"s:14,14,14,12;l:20;fw:500;a:inherit;\"\n\t\t\t\t\t\t\t\tdata-rsp_bd=\"off\"\n\t\t\t\t\t\t\t\tdata-padding=\"t:15,15,15,10;r:35,35,35,20;b:15,15,15,10;l:35,35,35,20;\"\n\t\t\t\t\t\t\t\tdata-frame_0=\"rX:70deg;oZ:-50;\"\n\t\t\t\t\t\t\t\tdata-frame_1=\"oZ:-50;e:expo.inOut;st:1700;sp:800;\"\n\t\t\t\t\t\t\t\tdata-frame_999=\"y:0;o:0;rX:70deg;oZ:-50;e:expo.inOut;st:w;sp:600;\"\n\t\t\t\t\t\t\t\tdata-frame_hover=\"bgc:#222;boc:#000;bor:0px,0px,0px,0px;bos:solid;oX:50;oY:50;sp:0;\"\n\t\t\t\t\t\t\t\tstyle=\"z-index:8;background-color:#006633;font-family:'Montserrat';cursor:pointer;outline:none;box-shadow:none;box-sizing:border-box;-moz-box-sizing:border-box;-webkit-box-sizing:border-box;\"\n\t\t\t\t\t\t\t>ZJISTIT V\u00cdCE \n\t\t\t\t\t\t\t<\/a><!--\n-->\t\t\t\t\t\t<\/rs-slide>\n\t\t\t\t\t\t<rs-slide style=\"position: absolute;\" data-key=\"rs-25\" data-title=\"Slide\" data-thumb=\"\/\/eshop.heposvm.cz\/wp-content\/uploads\/2023\/10\/Stul_IaII_870_530-100x50.jpeg\" data-in=\"o:1;y:100%;\" data-out=\"a:false;\">\n\t\t\t\t\t\t\t<img decoding=\"async\" src=\"\/\/eshop.heposvm.cz\/wp-content\/plugins\/revslider\/public\/assets\/assets\/dummy.png\" alt=\"\" title=\"Stul_IaII_870_530\" width=\"640\" height=\"390\" class=\"rev-slidebg tp-rs-img rs-lazyload\" data-lazyload=\"\/\/eshop.heposvm.cz\/wp-content\/uploads\/2023\/10\/Stul_IaII_870_530.jpeg\" data-no-retina>\n<!--\n\t\t\t\t\t\t\t--><rs-layer\n\t\t\t\t\t\t\t\tid=\"slider-8-slide-25-layer-1\" \n\t\t\t\t\t\t\t\tdata-type=\"text\"\n\t\t\t\t\t\t\t\tdata-rsp_ch=\"on\"\n\t\t\t\t\t\t\t\tdata-xy=\"x:r;xo:60px,60px,60px,30px;y:m;yo:-85px,-85px,-85px,-60px;\"\n\t\t\t\t\t\t\t\tdata-text=\"s:48,48,48,30;l:50,50,50,34;ls:1px,1px,1px,0px;fw:700;a:right;\"\n\t\t\t\t\t\t\t\tdata-padding=\"t:10;r:10;b:10;l:10;\"\n\t\t\t\t\t\t\t\tdata-frame_0_words=\"d:5;x:100px;y:-50px;o:0;rZ:30deg;\"\n\t\t\t\t\t\t\t\tdata-frame_1=\"e:back.out;st:700;sp:500;sR:700;\"\n\t\t\t\t\t\t\t\tdata-frame_1_words=\"e:back.out;d:20;\"\n\t\t\t\t\t\t\t\tdata-frame_999=\"y:bottom;sX:2;sY:2;o:0;rZ:70deg;e:expo.inOut;st:w;sp:600;sR:6500;\"\n\t\t\t\t\t\t\t\tstyle=\"z-index:5;background-color:rgba(0,102,51,0.7);font-family:'Montserrat';\"\n\t\t\t\t\t\t\t>Zak\u00e1zkov\u00e1 v\u00fdroba \n\t\t\t\t\t\t\t<\/rs-layer><!--\n\n\t\t\t\t\t\t\t--><a\n\t\t\t\t\t\t\t\tid=\"slider-8-slide-25-layer-3\" \n\t\t\t\t\t\t\t\tclass=\"rs-layer rev-btn\"\n\t\t\t\t\t\t\t\thref=\"https:\/\/eshop.heposvm.cz\/product-category\/zakazkova-vyroba\/\" target=\"_self\"\n\t\t\t\t\t\t\t\tdata-type=\"button\"\n\t\t\t\t\t\t\t\tdata-color=\"rgba(255,255,255,1)\"\n\t\t\t\t\t\t\t\tdata-xy=\"x:r;xo:60px,60px,60px,30px;y:m;yo:85px,85px,85px,60px;\"\n\t\t\t\t\t\t\t\tdata-text=\"s:14,14,14,12;l:20;fw:600;a:inherit;\"\n\t\t\t\t\t\t\t\tdata-rsp_bd=\"off\"\n\t\t\t\t\t\t\t\tdata-padding=\"t:15,15,15,10;r:35,35,35,20;b:15,15,15,10;l:35,35,35,20;\"\n\t\t\t\t\t\t\t\tdata-frame_0=\"rX:70deg;oZ:-50;\"\n\t\t\t\t\t\t\t\tdata-frame_1=\"oZ:-50;e:expo.inOut;st:1700;sp:800;sR:1700;\"\n\t\t\t\t\t\t\t\tdata-frame_999=\"y:0;o:0;rX:70deg;oZ:-50;e:expo.inOut;st:w;sp:600;sR:6300;\"\n\t\t\t\t\t\t\t\tdata-frame_hover=\"bgc:#222;boc:#000;bor:0px,0px,0px,0px;bos:solid;oX:50;oY:50;sp:0;\"\n\t\t\t\t\t\t\t\tstyle=\"z-index:7;background-color:#006633;font-family:'Montserrat';cursor:pointer;outline:none;box-shadow:none;box-sizing:border-box;-moz-box-sizing:border-box;-webkit-box-sizing:border-box;\"\n\t\t\t\t\t\t\t>ZJISTIT V\u00cdCE \n\t\t\t\t\t\t\t<\/a><!--\n-->\t\t\t\t\t\t<\/rs-slide>\n\t\t\t\t\t<\/rs-slides>\n\t\t\t\t<\/rs-module>\n\t\t\t\t<script>\n\t\t\t\t\tsetREVStartSize({c: 'rev_slider_8_1',rl:[1240,1240,1240,480],el:[522,522,522,350],gw:[870,870,870,480],gh:[522,522,522,350],type:'standard',justify:'',layout:'fullwidth',mh:\"0\"});if (window.RS_MODULES!==undefined && window.RS_MODULES.modules!==undefined && window.RS_MODULES.modules[\"revslider81\"]!==undefined) {window.RS_MODULES.modules[\"revslider81\"].once = false;window.revapi8 = undefined;if (window.RS_MODULES.checkMinimal!==undefined) window.RS_MODULES.checkMinimal()}\n\t\t\t\t<\/script>\n\t\t\t<\/rs-module-wrap>\n\t\t\t<!-- END REVOLUTION SLIDER -->\n\t<\/div>\n<\/div><\/div>\n<\/section>","protected":false},"excerpt":{"rendered":"Kategorie Ta\u017en\u00e9 ty\u010de Osobn\u00ed automobily N\u00e1kladn\u00ed automobily Speci\u00e1ln\u00ed ta\u017en\u00e9 ty\u010de P\u0159\u00edslu\u0161enstv\u00ed P\u016fj\u010dovna ta\u017en\u00fdch ty\u010d\u00ed Zakl\u00e1dac\u00ed kl\u00edny Zahradn\u00ed sprcha Zak\u00e1zkov\u00e1 v\u00fdroba ZJISTIT V\u00cdCE Ta\u017en\u00e1 ty\u010d pro osobn\u00ed automobily ZJISTIT V\u00cdCE Ta\u017en\u00e1 ty\u010d pro n\u00e1kladn\u00ed automobily Zak\u00e1zkov\u00e1 v\u00fdroba ZJISTIT V\u00cdCE Zak\u00e1zkov\u00e1 v\u00fdroba ZJISTIT V\u00cdCE Zak\u00e1zkov\u00e1 v\u00fdroba ZJISTIT V\u00cdCE","protected":false},"author":1,"featured_media":0,"parent":0,"menu_order":0,"comment_status":"closed","ping_status":"closed","template":"","meta":{"footnotes":""},"class_list":["post-14580","page","type-page","status-publish","hentry"],"_links":{"self":[{"href":"https:\/\/eshop.heposvm.cz\/en\/wp-json\/wp\/v2\/pages\/14580","targetHints":{"allow":["GET"]}}],"collection":[{"href":"https:\/\/eshop.heposvm.cz\/en\/wp-json\/wp\/v2\/pages"}],"about":[{"href":"https:\/\/eshop.heposvm.cz\/en\/wp-json\/wp\/v2\/types\/page"}],"author":[{"embeddable":true,"href":"https:\/\/eshop.heposvm.cz\/en\/wp-json\/wp\/v2\/users\/1"}],"replies":[{"embeddable":true,"href":"https:\/\/eshop.heposvm.cz\/en\/wp-json\/wp\/v2\/comments?post=14580"}],"version-history":[{"count":3,"href":"https:\/\/eshop.heposvm.cz\/en\/wp-json\/wp\/v2\/pages\/14580\/revisions"}],"predecessor-version":[{"id":15231,"href":"https:\/\/eshop.heposvm.cz\/en\/wp-json\/wp\/v2\/pages\/14580\/revisions\/15231"}],"wp:attachment":[{"href":"https:\/\/eshop.heposvm.cz\/en\/wp-json\/wp\/v2\/media?parent=14580"}],"curies":[{"name":"wp","href":"https:\/\/api.w.org\/{rel}","templated":true}]}}