{"id":15109,"date":"2023-09-10T11:35:44","date_gmt":"2023-09-10T11:35:44","guid":{"rendered":"http:\/\/eshop.heposvm.cz\/?page_id=15109"},"modified":"2025-05-21T05:32:54","modified_gmt":"2025-05-21T05:32:54","slug":"certifikaty","status":"publish","type":"page","link":"https:\/\/eshop.heposvm.cz\/en\/certifikaty\/","title":{"rendered":"Certificates"},"content":{"rendered":"<section class=\"wpb-content-wrapper\">\t<div  class=\"vc_row wpb_row vc_row-fluid vc_column-gap-default ts-row-wide\"  ><div class=\"wpb_column vc_column_container vc_col-sm-12\">\n\t<div class=\"wpb_wrapper\">\n\t<div class=\"ts-button-wrapper\"><div class=\"ts-shortcode-custom-style hidden\">.ts-button-wrapper a.ts-button-1{background:#ffffff;border-color:#cccccc;border-width:0px ;color:#000000;}.ts-button-wrapper a.ts-button-1:hover{background:#000000;border-color:#000000;color:#ffffff;}<\/div><a href=\"http:\/\/eshop.heposvm.cz\/wp-content\/uploads\/2025\/05\/ISO9001.pdf\" target=\"_blank\" class=\"ts-button ts-button-1 square small fa fas fa-file-pdf\">ISO9001<\/a><\/div><div class=\"ts-button-wrapper\"><div class=\"ts-shortcode-custom-style hidden\">.ts-button-wrapper a.ts-button-2{background:#ffffff;border-color:#cccccc;border-width:0px ;color:#000000;}.ts-button-wrapper a.ts-button-2:hover{background:#000000;border-color:#000000;color:#ffffff;}<\/div><a href=\"http:\/\/eshop.heposvm.cz\/wp-content\/uploads\/2025\/05\/EN-1090-1.pdf\" target=\"_blank\" class=\"ts-button ts-button-2 square small fa fas fa-file-pdf\">Certificate of conformity of the manufacturer's management<\/a><\/div><div class=\"ts-button-wrapper\"><div class=\"ts-shortcode-custom-style hidden\">.ts-button-wrapper a.ts-button-3{background:#ffffff;border-color:#cccccc;border-width:0px ;color:#000000;}.ts-button-wrapper a.ts-button-3:hover{background:#000000;border-color:#000000;color:#ffffff;}<\/div><a href=\"https:\/\/eshop.heposvm.cz\/wp-content\/uploads\/2023\/10\/Osvedceni-TT.pdf\" target=\"_blank\" class=\"ts-button ts-button-3 square small fa fas fa-file-pdf\">TT certificate<\/a><\/div><div class=\"ts-button-wrapper\"><div class=\"ts-shortcode-custom-style hidden\">.ts-button-wrapper a.ts-button-4{background:#ffffff;border-color:#cccccc;border-width:0px ;color:#000000;}.ts-button-wrapper a.ts-button-4:hover{background:#000000;border-color:#000000;color:#ffffff;}<\/div><a href=\"http:\/\/eshop.heposvm.cz\/wp-content\/uploads\/2025\/05\/Schvaleni-vybavy-2024.pdf\" target=\"_blank\" class=\"ts-button ts-button-4 square small fa fas fa-file-pdf\">Equipment approval<\/a><\/div><div class=\"ts-button-wrapper\"><div class=\"ts-shortcode-custom-style hidden\">.ts-button-wrapper a.ts-button-5{background:#ffffff;border-color:#cccccc;border-width:0px ;color:#000000;}.ts-button-wrapper a.ts-button-5:hover{background:#000000;border-color:#000000;color:#ffffff;}<\/div><a href=\"https:\/\/eshop.heposvm.cz\/wp-content\/uploads\/2023\/10\/CD.pdf\" target=\"_blank\" class=\"ts-button ts-button-5 square small fa fas fa-file-pdf\">Certificate of legal capacity of the supplier<\/a><\/div><div class=\"ts-button-wrapper\"><div class=\"ts-shortcode-custom-style hidden\">.ts-button-wrapper a.ts-button-6{background:#ffffff;border-color:#cccccc;border-width:0px ;color:#000000;}.ts-button-wrapper a.ts-button-6:hover{background:#000000;border-color:#000000;color:#ffffff;}<\/div><a href=\"http:\/\/eshop.heposvm.cz\/wp-content\/uploads\/2024\/09\/Certifikat-zpusobilosti-vyrobce.pdf\" target=\"_blank\" class=\"ts-button ts-button-6 square small\">Manufacturer's Certificate of Competence<\/a><\/div><div class=\"ts-button-wrapper\"><div class=\"ts-shortcode-custom-style hidden\">.ts-button-wrapper a.ts-button-7{background:#ffffff;border-color:#cccccc;border-width:0px ;color:#000000;}.ts-button-wrapper a.ts-button-7:hover{background:#000000;border-color:#000000;color:#ffffff;}<\/div><a href=\"http:\/\/eshop.heposvm.cz\/wp-content\/uploads\/2024\/09\/Certifikat-pro-proces-svarovani.pdf\" target=\"_blank\" class=\"ts-button ts-button-7 square small\">Welding process certificate<\/a><\/div>\t<\/div>\n<\/div><\/div>\n<\/section>","protected":false},"excerpt":{"rendered":".ts-button-wrapper a.ts-button-8{background:#ffffff;border-color:#cccccc;border-width:0px ;color:#000000;}.ts-button-wrapper a.ts-button-8:hover{background:#000000;border-color:#000000;color:#ffffff;}ISO9001.ts-button-wrapper a.ts-button-9{background:#ffffff;border-color:#cccccc;border-width:0px ;color:#000000;}.ts-button-wrapper a.ts-button-9:hover{background:#000000;border-color:#000000;color:#ffffff;}Osv\u011bd\u010den\u00ed o shod\u011b \u0159\u00edzen\u00ed v\u00fdrobce.ts-button-wrapper a.ts-button-10{background:#ffffff;border-color:#cccccc;border-width:0px ;color:#000000;}.ts-button-wrapper a.ts-button-10:hover{background:#000000;border-color:#000000;color:#ffffff;}Osv\u011bd\u010den\u00ed TT.ts-button-wrapper a.ts-button-11{background:#ffffff;border-color:#cccccc;border-width:0px ;color:#000000;}.ts-button-wrapper a.ts-button-11:hover{background:#000000;border-color:#000000;color:#ffffff;}Schv\u00e1len\u00ed v\u00fdbavy.ts-button-wrapper a.ts-button-12{background:#ffffff;border-color:#cccccc;border-width:0px ;color:#000000;}.ts-button-wrapper a.ts-button-12:hover{background:#000000;border-color:#000000;color:#ffffff;}Osv\u011bd\u010den\u00ed o pr\u00e1vn\u00ed zp\u016fsobilosti dodavatele.ts-button-wrapper a.ts-button-13{background:#ffffff;border-color:#cccccc;border-width:0px ;color:#000000;}.ts-button-wrapper a.ts-button-13:hover{background:#000000;border-color:#000000;color:#ffffff;}Certifik\u00e1t zp\u016fsobilosti v\u00fdrobce.ts-button-wrapper a.ts-button-14{background:#ffffff;border-color:#cccccc;border-width:0px ;color:#000000;}.ts-button-wrapper a.ts-button-14:hover{background:#000000;border-color:#000000;color:#ffffff;}Certifik\u00e1t pro proces sva\u0159ov\u00e1n\u00ed","protected":false},"author":1,"featured_media":0,"parent":0,"menu_order":0,"comment_status":"closed","ping_status":"closed","template":"","meta":{"footnotes":""},"class_list":["post-15109","page","type-page","status-publish","hentry"],"_links":{"self":[{"href":"https:\/\/eshop.heposvm.cz\/en\/wp-json\/wp\/v2\/pages\/15109","targetHints":{"allow":["GET"]}}],"collection":[{"href":"https:\/\/eshop.heposvm.cz\/en\/wp-json\/wp\/v2\/pages"}],"about":[{"href":"https:\/\/eshop.heposvm.cz\/en\/wp-json\/wp\/v2\/types\/page"}],"author":[{"embeddable":true,"href":"https:\/\/eshop.heposvm.cz\/en\/wp-json\/wp\/v2\/users\/1"}],"replies":[{"embeddable":true,"href":"https:\/\/eshop.heposvm.cz\/en\/wp-json\/wp\/v2\/comments?post=15109"}],"version-history":[{"count":16,"href":"https:\/\/eshop.heposvm.cz\/en\/wp-json\/wp\/v2\/pages\/15109\/revisions"}],"predecessor-version":[{"id":15747,"href":"https:\/\/eshop.heposvm.cz\/en\/wp-json\/wp\/v2\/pages\/15109\/revisions\/15747"}],"wp:attachment":[{"href":"https:\/\/eshop.heposvm.cz\/en\/wp-json\/wp\/v2\/media?parent=15109"}],"curies":[{"name":"wp","href":"https:\/\/api.w.org\/{rel}","templated":true}]}}