{"id":15111,"date":"2023-09-10T11:36:16","date_gmt":"2023-09-10T11:36:16","guid":{"rendered":"http:\/\/eshop.heposvm.cz\/?page_id=15111"},"modified":"2024-01-18T07:32:20","modified_gmt":"2024-01-18T07:32:20","slug":"obchodni-podminky","status":"publish","type":"page","link":"https:\/\/eshop.heposvm.cz\/en\/obchodni-podminky\/","title":{"rendered":"Terms &amp; Conditions"},"content":{"rendered":"<h2>1. IDENTIFICATION DETAILS<\/h2>\n<p>Hepos, spol. s r.o.<br \/>\nRegistered office: Masarykova 753, Vala\u0161sk\u00e9 Mezi\u0159\u00ed\u010d\u00ed\nCompany ID: 46580549\nTel: +420 606 028 784<br \/>\nemail: <a href=\"mailto:hepos@heposvm.cz\">hepos@heposvm.cz<\/a><\/p>\n<h2>2. ORDER AND DATA PROTECTION<\/h2>\n<p>Upon ordering, your valid identification details will be required. These details are necessary for the issuance of a tax document and the delivery of goods. The seller is not responsible for any problems<br \/>\narising from the submission of incorrect or incomplete data, especially if a telephone contact is not provided. HEPOS spol, s.r.o., the shop operator <a href=\"http:\/\/www.heposvm.cz\/\">www.heposvm.cz<\/a> declares that all personal data are considered strictly confidential and are handled in accordance with Act No. 101\/2000 Coll.<\/p>\n<p>We will not provide this data to any third party under any circumstances.<br \/>\nThe customer may request in writing to have their data removed from the company's database.<br \/>\nThe contracting parties may serve all written correspondence on each other via email.<\/p>\n<h2>3. ORDER CONFIRMATION<\/h2>\n<p>The order is accepted within 24 hours, we will send you order confirmation by email. For confirmation, we will contact you by phone for some orders (e.g. when ordering a larger quantity, etc.).<\/p>\n<h2>4. ORDER CANCELLATION<\/h2>\n<p>You can cancel any order within 24 hours by sending an email exclusively to the address <a href=\"mailto:j.gaba@heposvm.cz\">j.gaba@heposvm.cz<\/a> or tel. +420 776 729 330<\/p>\n<h2>5. PRICES, PAYMENT, DELIVERY, POSTAGE AND PACKAGING<\/h2>\n<p>Procedure for receiving a delivery:<\/p>\n<ul>\n<li>Check that the product packaging is not damaged.<\/li>\n<li>If the packaging shows signs of damage (e.g., is torn, unglued, etc.), do not accept the goods or accept them with reservation.<\/li>\n<li>In case of apparent damage, we recommend not to accept the goods and to draw up a damage report with the carrier. If the packaging is in order, please pay for and accept the goods.<\/li>\n<li>Please note that according to the carrier's terms and conditions, you are not permitted to unpack and inspect the goods before payment and collection.<\/li>\n<li>Immediately upon receipt, and within 48 hours at the latest, check the contents of the shipment.<\/li>\n<\/ul>\n<p>The seller reserves the right to change the price.<br \/>\nFor confirmation, the customer will receive a confirmation email within 24 hours.<br \/>\nThe ordered goods will be sent to you via the shipping services chosen in the online shop.<br \/>\nPayment for goods is made in cash or by card to the driver. The transport company will issue a payment receipt only upon your request!<br \/>\nSome transport services only send payment confirmations to the customer's email.<br \/>\nIf the recipient is unavailable, the parcel will be handled according to the rules of the specific transport service. If you discover that the product is damaged after unpacking, please contact us immediately.<br \/>\nYour claim cannot be positively processed if it is reported at a later stage.<br \/>\nWhen unpacking, please take care not to damage the packaging and internal filling material during unpacking. The payment gateway provider is the company <strong>ComGate Payments, a.s.<\/strong><br \/>\nFurther information can be found at the following links: https:\/\/<a href=\"http:\/\/www.comgate.cz\/cz\/platebni-brana\">www.comgate.cz\/cz\/platebni-brana<\/a><br \/>\nComGate Payments, a.s.<br \/>\nGo\u010d\u00e1rova t\u0159\u00edda 1754 \/ 48b, Hradec Kr\u00e1lov\u00e9 E-mail: <a href=\"mailto:platby-podpora@comgate.cz\">platby-podpora@comgate.cz<\/a> Tel: +420 228 224 267<br \/>\nAll product presentations displayed in the online store's catalogue are for informational purposes only, and the seller is under no obligation to conclude a purchase agreement for such goods.<br \/>\nIn the event of an obvious technical error on the seller's part when stating the price of goods in the online shop, or during the ordering process, the seller is not obliged to deliver.<br \/>\nthe buyer for this obviously incorrect price. The seller shall inform the buyer of the error without undue delay and shall send the buyer an amended offer to their email address.<br \/>\nAn amended offer is considered a new offer for a purchase contract, and the purchase contract is concluded in such a case by confirmation of acceptance by the buyer to the seller's email address.<br \/>\nGoods shall be delivered to the buyer at the address designated by the buyer in the order, unless otherwise agreed by the buyer and seller.<br \/>\nThe costs of delivering goods, depending on the method of dispatch and collection of the goods, are stated in the buyer's order and in the seller's order confirmation.<br \/>\nWhere the method of transport is agreed based on a specific request by the buyer, the buyer shall bear the risk and any additional costs associated with this method of transport.<br \/>\nIf the seller is obliged under the purchase contract to deliver the goods to the place specified by the buyer in the order, the buyer is obliged to take over the goods upon delivery.<br \/>\nIn the event that the goods need to be delivered repeatedly or in a different way than stated in the order, for reasons attributable to the buyer, the buyer is obliged to pay the costs associated with this.<br \/>\nrepeated delivery of goods, or costs associated with another method of delivery.<br \/>\nThe buyer acquires ownership of the goods upon payment of the full purchase price for the goods, including delivery costs, but no earlier than upon receipt of the goods.<br \/>\nLiability for accidental destruction, damage, or loss of goods shall pass to the buyer at the moment of taking possession of the goods or at the moment when the buyer was obliged to take possession of the goods but failed to do so in breach of the purchase contract. If the buyer does not take possession of the goods upon delivery by the carrier, the goods are<br \/>\nsubsequently returned to the seller and at the same time the buyer does not withdraw from the purchase contract within 14 days of the unsuccessful delivery of the goods, the seller is entitled to demand costs from the customer<br \/>\ncharged by the carrier for the delivery of goods back to the seller.<br \/>\nThis claim represents damage for the seller arising from the customer's breach of statutory obligations within the meaning of \u00a7 2913 (1) of the Civil Code.<br \/>\nThe seller is simultaneously entitled to charge a storage fee for the goods in the amount of CZK 200 (in words: two hundred Czech crowns) and the seller is also entitled to withdraw from the purchase contract.<br \/>\nNon-acceptance of goods in relation to a businessperson.<br \/>\nIf the entrepreneur customer does not accept the goods upon delivery by the carrier, and the goods are subsequently returned to us as the seller, we are entitled to claim the costs charged by the carrier for returning the goods to our address from the entrepreneur customer.<br \/>\nThis consignment represents damage to the seller arising from the breach of statutory obligations by the business customer within the meaning of Section 2913 (1) of the Civil Code.<br \/>\nThe seller is simultaneously entitled to charge a storage fee for the goods in the amount of CZK 200 (in words: two hundred Czech crowns) and is further entitled to withdraw from the purchase agreement.<\/p>\n<p>Entitlement to reimbursement of storage costs and entitlement to damages for breach of the customer's statutory obligations: according to this part of the GTC, we are entitled, in accordance with \u00a7 2913 of the Civil Code, to unilaterally offset against the customer's claim for a refund of the purchase price.<\/p>\n<h2>6. DELIVERY DEADLINE<\/h2>\n<p>Delivery time is 3 to 10 working days for both delivery methods, unless otherwise stated. Should we be unable to fulfil your order or if any item is out of stock, we will inform you immediately.<br \/>\nThe seller reserves the right to cancel the order or part of it in these cases:<br \/>\nThe goods are no longer produced or supplied, or the supplier's price for the goods has changed significantly.<br \/>\nIn the event that this situation arises, the seller will contact the buyer immediately in order to agree on the next course of action.<br \/>\nIf the buyer has paid part or all of the purchase price, this amount will be refunded to them.<br \/>\nThe seller is entitled to withdraw from the purchase contract due to stock depletion, unavailability of goods, or when the manufacturer, importer, or supplier of the goods has ceased production or import of the goods.<\/p>\n<h2>7. DELIVERY OF TAX AND WARRANTY CERTIFICATE<\/h2>\n<p>The tax invoice is sent directly with the shipment.<\/p>\n<h2>8. CANCELLATION OF CONTRACT \u2013 RETURN OF GOODS<\/h2>\n<p>In accordance with Act No. 367\/2000, the customer has the right to withdraw from the contract within 14 days of<br \/>\nUpon receipt of the goods. If they decide to withdraw within this period and comply with the conditions set out below, the purchase price will be refunded:<\/p>\n<ul>\n<li>Contact us to arrange for the return of goods.;<\/li>\n<li>goods returned under this warranty must be packed in the original packaging, show no signs of use, be undamaged, complete (including accessories, warranty card, instructions, etc.) and must be sent with a copy of the proof of purchase;<\/li>\n<li>The customer bears the full cost of transporting goods to the supplier.;<\/li>\n<li>money for the goods will be refunded to you by postal order or bank transfer to your account no later than 10 working days after the physical receipt of the goods;<\/li>\n<\/ul>\n<p>In the event that any of the above conditions are not met, we will unfortunately be unable to accept the cancellation of the consumer contract and the goods will be returned at the customer's expense.<\/p>\n<p>The seller is liable to the buyer for the item sold being in conformity with the purchase contract upon receipt by the buyer, in particular, that it is free from defects.<br \/>\nIn the event of a breach of the purchase agreement, the customer has the right to withdraw from the agreement.<br \/>\nThe buyer has the right to have the seller, free of charge and without undue delay, bring the item into conformity with the sales contract, either by replacement or repair of the item, at the buyer's request.<br \/>\nIf such a procedure is not possible, the buyer may request a reasonable discount on the price of the item or withdraw from the contract.<br \/>\nThis does not apply if the buyer knew about the non-conformity with the purchase contract before taking possession of the item or if the buyer themselves caused the non-conformity with the purchase contract.<\/p>\n<h2>9. COMPLAINTS AND WARRANTY<\/h2>\n<p>The warranty period begins upon the buyer's acceptance of the goods. Any complaints will be settled by individual agreement with you to your satisfaction in accordance with the applicable legal regulations.<br \/>\nThe buyer is obliged to inspect the goods after taking possession of them in order to ascertain any defects.<br \/>\nIf such damage is discovered, the buyer is obliged to report this fact to our company without delay.<br \/>\nWe are not responsible for defects caused by the carrier (see procedure for accepting a shipment). We will provide you with information on the nearest service centre by phone or email.<br \/>\nIf the claim was justified, the buyer is entitled to reimbursement of the necessary costs incurred in connection with the exercise of the claim (in particular, the costs of transporting the claimed goods to us).<br \/>\nIf the buyer chooses a delivery method other than the cheapest one offered by the seller, the seller shall refund the buyer the cost of delivery corresponding to the cheapest delivery method offered.<br \/>\nA statutory warranty period of 24 months applies to all goods, unless otherwise stated. The warranty only covers manufacturing defects.<br \/>\nThe warranty does not cover:<\/p>\n<ul>\n<li>wear and tear;<\/li>\n<li>improper use of the product;<\/li>\n<li>improper storage.<\/li>\n<\/ul>\n<p>Complaint procedure:<\/p>\n<ol>\n<li>Please inform us about the complaint by phone or email. <a href=\"mailto:j.gaba@heposvm.cz\">gaba@heposvm.cz<\/a> \u010di p\u00edsemn\u011b na adrese Masarykova 753, 757 01 VALA\u0160SK\u00c9 MEZI\u0158\u00cd\u010c\u00cd.<\/li>\n<li>zbo\u017e\u00ed za\u0161lete jako doporu\u010den\u00fd bal\u00edk (ne na dob\u00edrku) na na\u0161i Pokud bude bal\u00edk zasl\u00e1n na dob\u00edrku, nebude p\u0159evzat!<\/li>\n<li>z\u00e1kazn\u00edk se m\u016f\u017ee o pr\u016fb\u011bhu reklamace informovat emailem <a href=\"mailto:j.gaba@heposvm.cz\">gaba@heposvm.cz<\/a><\/li>\n<li>ukon\u010den\u00ed a o v\u00fdsledku reklamace bude z\u00e1kazn\u00edk informov\u00e1n telefonicky nebo<\/li>\n<\/ol>\n<p>Z\u00e1kon o ochran\u011b spot\u0159ebitele \u2013 \u00a7 19 odst. 3 stanovuje:<\/p>\n<p>Prod\u00e1vaj\u00edc\u00ed nebo j\u00edm pov\u011b\u0159en\u00fd pracovn\u00edk rozhodne o reklamaci ihned, ve slo\u017eit\u00fdch p\u0159\u00edpadech do t\u0159\u00ed pracovn\u00edch dn\u016f. Do t\u00e9to lh\u016fty se nezapo\u010d\u00edt\u00e1v\u00e1 doba p\u0159im\u011b\u0159en\u00e1 podle druhu v\u00fdrobku \u010di slu\u017eby pot\u0159ebn\u00e1 k odborn\u00e9mu posouzen\u00ed vady. Reklamace v\u010detn\u011b odstran\u011bn\u00ed vady mus\u00ed b\u00fdt vy\u0159\u00edzena bez zbyte\u010dn\u00e9ho odkladu, nejpozd\u011bji do 30 dn\u016f ode dne uplatn\u011bn\u00ed reklamace, pokud se prod\u00e1vaj\u00edc\u00ed se spot\u0159ebitelem nedohodne na del\u0161\u00ed lh\u016ft\u011b. Po uplynut\u00ed t\u00e9to lh\u016fty m\u00e1 spot\u0159ebitel stejn\u00e1 pr\u00e1va, jako by se jednalo o vadu, kterou nelze odstranit.<\/p>\n<p>Dnem uplatn\u011bn\u00ed reklamace se rozum\u00ed den p\u0159ijet\u00ed reklamace na provozovn\u011b ve Vala\u0161sk\u00fdm Mezi\u0159\u00ed\u010d\u00edm. (viz. kontaktn\u00ed \u00fadaje)<br \/>\nFirma je zaps\u00e1na u KS v Ostrav\u011b \u2013 odd. C, vlo\u017eka 3605.<br \/>\nAdresa: Vala\u0161sk\u00e9 Mezi\u0159\u00ed\u010d\u00ed \u2013 Kr\u00e1sno nad Be\u010dvou, Masarykova 753, PS\u010c 75701<\/p>","protected":false},"excerpt":{"rendered":"<p>1.\u00a0\u00a0 IDENTIFIKA\u010cN\u00cd \u00daDAJE Hepos, spol. s r.o. se s\u00eddlem: Masarykova 753, Vala\u0161sk\u00e9 Mezi\u0159\u00ed\u010d\u00ed I\u010c: 46580549 tel.: +420 606 028 784 email: hepos@heposvm.cz 2.\u00a0\u00a0 OBJEDN\u00c1VKA A OCHRANA OSOBN\u00cdCH \u00daDAJ\u016e P\u0159i objedn\u00e1vce budou po\u017eadov\u00e1ny Va\u0161e platn\u00e9 identifika\u010dn\u00ed \u00fadaje. Tyto \u00fadaje jsou nezbytn\u00e9 pro vystaven\u00ed da\u0148ov\u00e9ho dokladu a doru\u010den\u00ed zbo\u017e\u00ed. Prod\u00e1vaj\u00edc\u00ed nenese odpov\u011bdnost za probl\u00e9my vznikl\u00e9 uveden\u00edm nespr\u00e1vn\u00fdch [&hellip;]<\/p>\n","protected":false},"author":1,"featured_media":0,"parent":0,"menu_order":0,"comment_status":"closed","ping_status":"closed","template":"","meta":{"footnotes":""},"class_list":["post-15111","page","type-page","status-publish","hentry"],"_links":{"self":[{"href":"https:\/\/eshop.heposvm.cz\/en\/wp-json\/wp\/v2\/pages\/15111","targetHints":{"allow":["GET"]}}],"collection":[{"href":"https:\/\/eshop.heposvm.cz\/en\/wp-json\/wp\/v2\/pages"}],"about":[{"href":"https:\/\/eshop.heposvm.cz\/en\/wp-json\/wp\/v2\/types\/page"}],"author":[{"embeddable":true,"href":"https:\/\/eshop.heposvm.cz\/en\/wp-json\/wp\/v2\/users\/1"}],"replies":[{"embeddable":true,"href":"https:\/\/eshop.heposvm.cz\/en\/wp-json\/wp\/v2\/comments?post=15111"}],"version-history":[{"count":19,"href":"https:\/\/eshop.heposvm.cz\/en\/wp-json\/wp\/v2\/pages\/15111\/revisions"}],"predecessor-version":[{"id":15419,"href":"https:\/\/eshop.heposvm.cz\/en\/wp-json\/wp\/v2\/pages\/15111\/revisions\/15419"}],"wp:attachment":[{"href":"https:\/\/eshop.heposvm.cz\/en\/wp-json\/wp\/v2\/media?parent=15111"}],"curies":[{"name":"wp","href":"https:\/\/api.w.org\/{rel}","templated":true}]}}