{"id":15115,"date":"2023-09-10T11:37:04","date_gmt":"2023-09-10T11:37:04","guid":{"rendered":"http:\/\/eshop.heposvm.cz\/?page_id=15115"},"modified":"2024-01-08T08:37:42","modified_gmt":"2024-01-08T08:37:42","slug":"kontakt","status":"publish","type":"page","link":"https:\/\/eshop.heposvm.cz\/en\/kontakt\/","title":{"rendered":"Contact"},"content":{"rendered":"<section class=\"wpb-content-wrapper\">\t<div  class=\"vc_row wpb_row vc_row-fluid vc_column-gap-default ts-row-wide\"  ><div class=\"wpb_column vc_column_container vc_col-sm-6\">\n\t<div class=\"wpb_wrapper\">\n\t\n\t<div class=\"wpb_text_column wpb_content_element\" >\n\t\t<div class=\"wpb_wrapper\">\n\t\t\t<p><strong>HEPOS\u00a0spol.\u00a0s\u00a0r.\u00a0<\/strong><strong>o.<\/strong><br \/>\nKr\u00e1sno nad Be\u010dvou<br \/>\nMasarykova 753<br \/>\n757\u00a001\u00a0Vala\u0161sk\u00e9\u00a0Mezi\u0159\u00ed\u010d\u00ed<br \/>\ntel: +420 603 267 899<br \/>\nemail:\u00a0<a href=\"mailto:hepos@heposvm.cz\">hepos@heposvm.cz<\/a><br \/>\nwww.heposvm.cz<\/p>\n<p>I\u010cO:\u00a046580549<br \/>\nDI\u010c:\u00a0CZ46580549<\/p>\n<p>Firma je zaps\u00e1na u KS v Ostrav\u011b\u00a0&#8211;\u00a0odd.\u00a0C, vlo\u017eka 3605<\/p>\n<p>&nbsp;<\/p>\n<p><strong>Veden\u00ed spole\u010dnosti<\/strong><\/p>\n<p>ing. Petr Ma\u0161ek<br \/>\ntel: +420 606 028 784<br \/>\nemail:\u00a0<a href=\"mailto:p.masek@heposvm.cz\">p.masek@heposvm.cz<\/a><\/p>\n<p><strong>Administrativn\u00ed \u00fasek<\/strong><\/p>\n<p>tel: +420 603 267 899<\/p>\n<p><strong>Ekonomick\u00fd \u00fasek<\/strong><\/p>\n<p>Mzdov\u00e1 \u00fa\u010dt\u00e1rna<br \/>\ntel. +420 603 267 899<\/p>\n<p>Faktura\u010dn\u00ed \u00fa\u010dt\u00e1rna<br \/>\ntel: +420 603 267 899<\/p>\n\n\t\t<\/div>\n\t<\/div>\n\t<\/div>\n<\/div><div class=\"wpb_column vc_column_container vc_col-sm-6\">\n\t<div class=\"wpb_wrapper\">\n\t\n\t<div class=\"wpb_text_column wpb_content_element\" >\n\t\t<div class=\"wpb_wrapper\">\n\t\t\t<p><strong>Technick\u00e1 sekce<\/strong><\/p>\n<p>Ji\u0159\u00ed G\u00e1ba<br \/>\nmobil: +420 776 729 330<br \/>\nemail:\u00a0<a href=\"mailto:j.gaba@heposvm.cz\">j.gaba@heposvm.cz<\/a><\/p>\n<p><strong>Servis\u00a0&#8211;\u00a0opravy<\/strong><\/p>\n<p>Martin Zaj\u00ed\u010dek<br \/>\ntel: +420 734 330 511<\/p>\n<p>Zuzana B\u011block\u00e1<br \/>\ntel: +420 602\u00a0775\u00a0158<br \/>\nemail:\u00a0<a href=\"mailto:obchod@heposvm.cz\">obchod@heposvm.cz<\/a><\/p>\n<p>Ing. Petr Ma\u0161ek<br \/>\ntel: +420 606 028 784<br \/>\nemail:\u00a0<a href=\"mailto:p.masek@heposvm.cz\">p.masek@heposvm.cz<\/a><\/p>\n<p><strong>Prodej ta\u017en\u00fdch ty\u010d\u00ed<\/strong><\/p>\n<p>Ji\u0159\u00ed G\u00e1ba<br \/>\ntel: +420 776 729 330<br \/>\nemail:\u00a0<a href=\"mailto:j.gaba@heposvm.cz\">j.gaba@heposvm.cz<\/a><\/p>\n<p><strong>Prodejna<\/strong><br \/>\nProhl\u00eddka <a href=\"https:\/\/www.google.com\/maps\/@49.4769251,17.9675725,3a,73.7y,157.53h,90t\/data=!3m7!1e1!3m5!1sAF1QipPnmS9wE6XWNLi-Xy-fBe3GcCUGDYExf_h5znQ!2e10!3e12!7i13312!8i6656?entry=ttu\">zde<\/a><br \/>\n<strong>Sv\u011br\u00e1kova 42<\/strong><br \/>\n<strong>757 01 Vala\u0161sk<\/strong><strong>\u00e9 <\/strong><strong>Mezi\u0159\u00ed\u010d\u00ed<\/strong><br \/>\ntel: +420 602\u00a0775\u00a0158<br \/>\ntel: +420 571 611 766<\/p>\n<p>email:\u00a0<a href=\"mailto:obchod@heposvm.cz\">obchod@heposvm.cz<\/a><\/p>\n<p><strong>Prodej kompresor\u016f, pneun\u00e1\u0159ad\u00ed a p\u0159\u00edslu\u0161enstv\u00ed<\/strong><br \/>\nZuzana B\u011block\u00e1<br \/>\ntel: +420 602\u00a0775\u00a0158<br \/>\nemail:\u00a0<a href=\"mailto:obchod@heposvm.cz\">obchod@heposvm.cz<\/a><\/p>\n\n\t\t<\/div>\n\t<\/div>\n\t<\/div>\n<\/div><\/div>\n<\/section>","protected":false},"excerpt":{"rendered":"HEPOS\u00a0spol.\u00a0s\u00a0r.\u00a0o. Kr\u00e1sno nad Be\u010dvou Masarykova 753 757\u00a001\u00a0Vala\u0161sk\u00e9\u00a0Mezi\u0159\u00ed\u010d\u00ed tel: +420 603 267 899 email:\u00a0hepos@heposvm.cz www.heposvm.cz I\u010cO:\u00a046580549 DI\u010c:\u00a0CZ46580549 Firma je zaps\u00e1na u KS v Ostrav\u011b\u00a0-\u00a0odd.\u00a0C, vlo\u017eka 3605 &nbsp; Veden\u00ed spole\u010dnosti ing. Petr Ma\u0161ek tel: +420 606 028 784 email:\u00a0p.masek@heposvm.cz Administrativn\u00ed \u00fasek tel: +420 603 267 899 Ekonomick\u00fd \u00fasek Mzdov\u00e1 \u00fa\u010dt\u00e1rna tel. +420 603 267 899 Faktura\u010dn\u00ed \u00fa\u010dt\u00e1rna [...]","protected":false},"author":1,"featured_media":0,"parent":0,"menu_order":0,"comment_status":"closed","ping_status":"closed","template":"","meta":{"footnotes":""},"class_list":["post-15115","page","type-page","status-publish","hentry"],"_links":{"self":[{"href":"https:\/\/eshop.heposvm.cz\/en\/wp-json\/wp\/v2\/pages\/15115","targetHints":{"allow":["GET"]}}],"collection":[{"href":"https:\/\/eshop.heposvm.cz\/en\/wp-json\/wp\/v2\/pages"}],"about":[{"href":"https:\/\/eshop.heposvm.cz\/en\/wp-json\/wp\/v2\/types\/page"}],"author":[{"embeddable":true,"href":"https:\/\/eshop.heposvm.cz\/en\/wp-json\/wp\/v2\/users\/1"}],"replies":[{"embeddable":true,"href":"https:\/\/eshop.heposvm.cz\/en\/wp-json\/wp\/v2\/comments?post=15115"}],"version-history":[{"count":10,"href":"https:\/\/eshop.heposvm.cz\/en\/wp-json\/wp\/v2\/pages\/15115\/revisions"}],"predecessor-version":[{"id":15375,"href":"https:\/\/eshop.heposvm.cz\/en\/wp-json\/wp\/v2\/pages\/15115\/revisions\/15375"}],"wp:attachment":[{"href":"https:\/\/eshop.heposvm.cz\/en\/wp-json\/wp\/v2\/media?parent=15115"}],"curies":[{"name":"wp","href":"https:\/\/api.w.org\/{rel}","templated":true}]}}