{"id":15159,"date":"2023-10-08T10:47:21","date_gmt":"2023-10-08T10:47:21","guid":{"rendered":"http:\/\/eshop.heposvm.cz\/?post_type=product&#038;p=15159"},"modified":"2025-05-13T10:19:18","modified_gmt":"2025-05-13T10:19:18","slug":"hepos-tt-3-profi","status":"publish","type":"product","link":"https:\/\/eshop.heposvm.cz\/en\/product\/hepos-tt-3-profi\/","title":{"rendered":"Hepos TT-3 PROFI"},"content":{"rendered":"<ul>\n<li>Certifikovan\u00e1 ta\u017en\u00e1 ty\u010d pro odtahy motorov\u00fdch vozidel do hmotnosti 3500kg &#8211; p\u0159i pou\u017eit\u00ed h\u00e1k\u016f nebo oka<\/li>\n<li>Certifikovan\u00e1 ta\u017en\u00e1 ty\u010d pro odtahy motorov\u00fdch vozidel do hmotnosti 3000kg &#8211; p\u0159i pou\u017eit\u00ed koncov\u00e9ho d\u00edlu se z\u00e1v\u011brem ISO 50<\/li>\n<li>Ta\u017en\u00e1 ty\u010d ur\u010den\u00e1 k bezpe\u010dn\u00e9mu vle\u010den\u00ed vozu.<\/li>\n<\/ul>\n<p>Tento v\u00fdrobek je shodn\u00fd s typem schv\u00e1len\u00fdm Ministerstvem dopravy a spoj\u016f \u010cR \u010d. 8SD 2800\/III., odpov\u00edd\u00e1 Z\u00e1konu o provozu na pozemn\u00edch komunikac\u00edch a byl testov\u00e1n st\u00e1tn\u00ed zku\u0161ebnou.<br \/>\nProfesion\u00e1ln\u00ed odtahov\u00e1 sada obsahuje: z\u00e1kladn\u00ed t\u0159\u00edd\u00edlnou ty\u010d TT-3 Nova, koncov\u00fd d\u00edl s okem pr\u016fm\u011br 40 mm, koncov\u00fd d\u00edl se z\u00e1v\u011bsem pro kouli ISO 50.<br \/>\nP\u0159i dota\u017een\u00ed h\u00e1k\u016f ta\u017en\u00e9 ty\u010de na aut\u011b mus\u00ed b\u00fdt s v\u016fl\u00ed tak, aby nebyl omezen pohyb h\u00e1k\u016f p\u0159i zat\u00e1\u010den\u00ed. V\u016fle mus\u00ed b\u00fdt minim\u00e1ln\u011b 3-5 mm.<br \/>\nOko\/oko: 32\/32 mm<br \/>\nOsov\u00e1 vzd\u00e1lenost: 1820 mm<br \/>\nHmotnost: 14 kg<\/p>\n<p>P\u0159i koupi <strong>2<\/strong>ks \u00a0 cena 6174 \u00a0K\u010d bez DPH<br \/>\nP\u0159i koupi <strong>5<\/strong>ks \u00a0 cena 5985 K\u010d bez DPH<br \/>\nP\u0159i koupi <strong>10<\/strong>ks cena 5670 K\u010d bez DPH<\/p>","protected":false},"excerpt":{"rendered":"<p>Certifikovan\u00e1 ta\u017en\u00e1 ty\u010d pro odtahy motorov\u00fdch vozidel do hmotnosti 3500kg &#8211; p\u0159i pou\u017eit\u00ed h\u00e1k\u016f nebo oka Certifikovan\u00e1 ta\u017en\u00e1 ty\u010d pro odtahy motorov\u00fdch vozidel do hmotnosti 3000kg &#8211; p\u0159i pou\u017eit\u00ed koncov\u00e9ho d\u00edlu se z\u00e1v\u011brem ISO 50 Ta\u017en\u00e1 ty\u010d ur\u010den\u00e1 k bezpe\u010dn\u00e9mu vle\u010den\u00ed vozu. Tento v\u00fdrobek je shodn\u00fd s typem schv\u00e1len\u00fdm Ministerstvem dopravy a spoj\u016f \u010cR \u010d. [&hellip;]<\/p>\n","protected":false},"featured_media":15160,"template":"","meta":[],"product_cat":[112,113],"product_tag":[],"class_list":{"0":"post-15159","1":"product","2":"type-product","3":"status-publish","4":"has-post-thumbnail","6":"product_cat-tazne-tyce","7":"product_cat-osobni-automobily","9":"first","10":"instock","11":"taxable","12":"shipping-taxable","13":"purchasable","14":"product-type-simple"},"_links":{"self":[{"href":"https:\/\/eshop.heposvm.cz\/en\/wp-json\/wp\/v2\/product\/15159","targetHints":{"allow":["GET"]}}],"collection":[{"href":"https:\/\/eshop.heposvm.cz\/en\/wp-json\/wp\/v2\/product"}],"about":[{"href":"https:\/\/eshop.heposvm.cz\/en\/wp-json\/wp\/v2\/types\/product"}],"wp:featuredmedia":[{"embeddable":true,"href":"https:\/\/eshop.heposvm.cz\/en\/wp-json\/wp\/v2\/media\/15160"}],"wp:attachment":[{"href":"https:\/\/eshop.heposvm.cz\/en\/wp-json\/wp\/v2\/media?parent=15159"}],"wp:term":[{"taxonomy":"product_cat","embeddable":true,"href":"https:\/\/eshop.heposvm.cz\/en\/wp-json\/wp\/v2\/product_cat?post=15159"},{"taxonomy":"product_tag","embeddable":true,"href":"https:\/\/eshop.heposvm.cz\/en\/wp-json\/wp\/v2\/product_tag?post=15159"}],"curies":[{"name":"wp","href":"https:\/\/api.w.org\/{rel}","templated":true}]}}