{"id":15164,"date":"2023-10-08T16:10:47","date_gmt":"2023-10-08T16:10:47","guid":{"rendered":"http:\/\/eshop.heposvm.cz\/?post_type=product&#038;p=15164"},"modified":"2024-02-14T08:26:09","modified_gmt":"2024-02-14T08:26:09","slug":"hepos-4-1-24t","status":"publish","type":"product","link":"https:\/\/eshop.heposvm.cz\/en\/product\/hepos-4-1-24t\/","title":{"rendered":"Hepos 4.1\/24t"},"content":{"rendered":"<ul>\n<li>Certifikovan\u00e9 ta\u017en\u00e9 ty\u010de pro odtah vozidel do hmotnosti 24t<\/li>\n<li>Ta\u017en\u00e1 ty\u010d ur\u010den\u00e1 k bezpe\u010dn\u00e9mu vle\u010den\u00ed vozu<\/li>\n<\/ul>\n<p>Tento v\u00fdrobek je shodn\u00fd s typem schv\u00e1len\u00fdm Ministerstvem dopravy a spoj\u016f \u010cR \u010d. 8SD 2800\/III., odpov\u00edd\u00e1 Z\u00e1konu o provozu na pozemn\u00edch komunikac\u00edch a byl testov\u00e1n st\u00e1tn\u00ed zku\u0161ebnou.<br \/>\nOko pr\u016fm\u011br 40 mm. Osov\u00e1 vzd\u00e1lenost 2390 mm.<\/p>\n<p>Hmotnost 29kg.<\/p>\n<p>P\u0159i koupi <strong>2<\/strong>ks \u00a0 cena 6566 \u00a0K\u010d bez DPH<br \/>\nP\u0159i koupi <strong>5<\/strong>ks \u00a0 cena 6365 \u00a0K\u010d bez DPH<br \/>\nP\u0159i koupi <strong>10<\/strong>ks cena 6030 K\u010d bez DPH<\/p>","protected":false},"excerpt":{"rendered":"<p>Certifikovan\u00e9 ta\u017en\u00e9 ty\u010de pro odtah vozidel do hmotnosti 24t Ta\u017en\u00e1 ty\u010d ur\u010den\u00e1 k bezpe\u010dn\u00e9mu vle\u010den\u00ed vozu Tento v\u00fdrobek je shodn\u00fd s typem schv\u00e1len\u00fdm Ministerstvem dopravy a spoj\u016f \u010cR \u010d. 8SD 2800\/III., odpov\u00edd\u00e1 Z\u00e1konu o provozu na pozemn\u00edch komunikac\u00edch a byl testov\u00e1n st\u00e1tn\u00ed zku\u0161ebnou. Oko pr\u016fm\u011br 40 mm. Osov\u00e1 vzd\u00e1lenost 2390 mm. Hmotnost 29kg. P\u0159i koupi [&hellip;]<\/p>\n","protected":false},"featured_media":15165,"template":"","meta":[],"product_cat":[112,114],"product_tag":[],"class_list":{"0":"post-15164","1":"product","2":"type-product","3":"status-publish","4":"has-post-thumbnail","6":"product_cat-tazne-tyce","7":"product_cat-nakladni-automobily","9":"first","10":"onbackorder","11":"taxable","12":"shipping-taxable","13":"purchasable","14":"product-type-simple"},"_links":{"self":[{"href":"https:\/\/eshop.heposvm.cz\/en\/wp-json\/wp\/v2\/product\/15164","targetHints":{"allow":["GET"]}}],"collection":[{"href":"https:\/\/eshop.heposvm.cz\/en\/wp-json\/wp\/v2\/product"}],"about":[{"href":"https:\/\/eshop.heposvm.cz\/en\/wp-json\/wp\/v2\/types\/product"}],"wp:featuredmedia":[{"embeddable":true,"href":"https:\/\/eshop.heposvm.cz\/en\/wp-json\/wp\/v2\/media\/15165"}],"wp:attachment":[{"href":"https:\/\/eshop.heposvm.cz\/en\/wp-json\/wp\/v2\/media?parent=15164"}],"wp:term":[{"taxonomy":"product_cat","embeddable":true,"href":"https:\/\/eshop.heposvm.cz\/en\/wp-json\/wp\/v2\/product_cat?post=15164"},{"taxonomy":"product_tag","embeddable":true,"href":"https:\/\/eshop.heposvm.cz\/en\/wp-json\/wp\/v2\/product_tag?post=15164"}],"curies":[{"name":"wp","href":"https:\/\/api.w.org\/{rel}","templated":true}]}}