{"id":15181,"date":"2023-10-16T08:44:09","date_gmt":"2023-10-16T08:44:09","guid":{"rendered":"http:\/\/eshop.heposvm.cz\/?post_type=product&#038;p=15181"},"modified":"2023-11-20T14:56:22","modified_gmt":"2023-11-20T14:56:22","slug":"kovane-oko-pr-76mm","status":"publish","type":"product","link":"https:\/\/eshop.heposvm.cz\/en\/product\/kovane-oko-pr-76mm\/","title":{"rendered":"Kovan\u00e9 oko pr. 76mm"},"content":{"rendered":"<p>Samostatn\u00e9 kovan\u00e9 oko pr. 76mm bez p\u0159\u00edpravy na sva\u0159ov\u00e1n\u00ed. P\u0159\u00edpravu lze objednat samostatn\u011b dle po\u017eadavk\u016f z\u00e1kazn\u00edka.<\/p>\n<p>Hmotnost 10kg<\/p>","protected":false},"excerpt":{"rendered":"<p>Samostatn\u00e9 kovan\u00e9 oko pr. 76mm bez p\u0159\u00edpravy na sva\u0159ov\u00e1n\u00ed. P\u0159\u00edpravu lze objednat samostatn\u011b dle po\u017eadavk\u016f z\u00e1kazn\u00edka. Hmotnost 10kg<\/p>","protected":false},"featured_media":15182,"template":"","meta":[],"product_cat":[116],"product_tag":[],"class_list":{"0":"post-15181","1":"product","2":"type-product","3":"status-publish","4":"has-post-thumbnail","6":"product_cat-prislusenstvi","8":"first","9":"instock","10":"taxable","11":"shipping-taxable","12":"purchasable","13":"product-type-simple"},"_links":{"self":[{"href":"https:\/\/eshop.heposvm.cz\/en\/wp-json\/wp\/v2\/product\/15181","targetHints":{"allow":["GET"]}}],"collection":[{"href":"https:\/\/eshop.heposvm.cz\/en\/wp-json\/wp\/v2\/product"}],"about":[{"href":"https:\/\/eshop.heposvm.cz\/en\/wp-json\/wp\/v2\/types\/product"}],"wp:featuredmedia":[{"embeddable":true,"href":"https:\/\/eshop.heposvm.cz\/en\/wp-json\/wp\/v2\/media\/15182"}],"wp:attachment":[{"href":"https:\/\/eshop.heposvm.cz\/en\/wp-json\/wp\/v2\/media?parent=15181"}],"wp:term":[{"taxonomy":"product_cat","embeddable":true,"href":"https:\/\/eshop.heposvm.cz\/en\/wp-json\/wp\/v2\/product_cat?post=15181"},{"taxonomy":"product_tag","embeddable":true,"href":"https:\/\/eshop.heposvm.cz\/en\/wp-json\/wp\/v2\/product_tag?post=15181"}],"curies":[{"name":"wp","href":"https:\/\/api.w.org\/{rel}","templated":true}]}}