{"id":15186,"date":"2023-10-16T13:00:51","date_gmt":"2023-10-16T13:00:51","guid":{"rendered":"http:\/\/eshop.heposvm.cz\/?post_type=product&#038;p=15186"},"modified":"2023-11-10T12:17:14","modified_gmt":"2023-11-10T12:17:14","slug":"hepos-uni-40-twin","status":"publish","type":"product","link":"https:\/\/eshop.heposvm.cz\/en\/product\/hepos-uni-40-twin\/","title":{"rendered":"Hepos UNI 40 TWIN"},"content":{"rendered":"<p>Univerz\u00e1ln\u00ed ta\u017en\u00e1 ty\u010d s mo\u017enost\u00ed v\u00fdm\u011bny ok na obou stran\u00e1ch ta\u017en\u00e9 ty\u010de<\/p>\n<p>Ta\u017enou ty\u010d sestav\u00edme dle typu vle\u010den\u00e9ho vozidla a velikosti p\u0159ipojovac\u00edho bodu. K pou\u017eit\u00ed jsou oka velikosti 40, 50 a 76. Ty\u010d kompletujeme\u00a0se\u0161roubov\u00e1n\u00edm po\u017eadovan\u00e9ho oka a ta\u017en\u00e9 ty\u010de.<\/p>\n<p>Z\u00e1kladn\u00ed sestava Hepos UNI 40 TWIN obsahuje ta\u017enou ty\u010d se \u0161rouben\u00edm na obou konc\u00edch a t\u0159i oka k na\u0161roubov\u00e1n\u00ed (40mm, 50mm a 76mm)<\/p>","protected":false},"excerpt":{"rendered":"<p>Univerz\u00e1ln\u00ed ta\u017en\u00e1 ty\u010d s mo\u017enost\u00ed v\u00fdm\u011bny ok na obou stran\u00e1ch ta\u017en\u00e9 ty\u010de Ta\u017enou ty\u010d sestav\u00edme dle typu vle\u010den\u00e9ho vozidla a velikosti p\u0159ipojovac\u00edho bodu. K pou\u017eit\u00ed jsou oka velikosti 40, 50 a 76. Ty\u010d kompletujeme\u00a0se\u0161roubov\u00e1n\u00edm po\u017eadovan\u00e9ho oka a ta\u017en\u00e9 ty\u010de. Z\u00e1kladn\u00ed sestava Hepos UNI 40 TWIN obsahuje ta\u017enou ty\u010d se \u0161rouben\u00edm na obou konc\u00edch a t\u0159i [&hellip;]<\/p>\n","protected":false},"featured_media":15187,"template":"","meta":[],"product_cat":[112,115],"product_tag":[],"class_list":{"0":"post-15186","1":"product","2":"type-product","3":"status-publish","4":"has-post-thumbnail","6":"product_cat-tazne-tyce","7":"product_cat-specialni-tazne-tyce","9":"first","10":"onbackorder","11":"taxable","12":"shipping-taxable","13":"purchasable","14":"product-type-simple"},"_links":{"self":[{"href":"https:\/\/eshop.heposvm.cz\/en\/wp-json\/wp\/v2\/product\/15186","targetHints":{"allow":["GET"]}}],"collection":[{"href":"https:\/\/eshop.heposvm.cz\/en\/wp-json\/wp\/v2\/product"}],"about":[{"href":"https:\/\/eshop.heposvm.cz\/en\/wp-json\/wp\/v2\/types\/product"}],"wp:featuredmedia":[{"embeddable":true,"href":"https:\/\/eshop.heposvm.cz\/en\/wp-json\/wp\/v2\/media\/15187"}],"wp:attachment":[{"href":"https:\/\/eshop.heposvm.cz\/en\/wp-json\/wp\/v2\/media?parent=15186"}],"wp:term":[{"taxonomy":"product_cat","embeddable":true,"href":"https:\/\/eshop.heposvm.cz\/en\/wp-json\/wp\/v2\/product_cat?post=15186"},{"taxonomy":"product_tag","embeddable":true,"href":"https:\/\/eshop.heposvm.cz\/en\/wp-json\/wp\/v2\/product_tag?post=15186"}],"curies":[{"name":"wp","href":"https:\/\/api.w.org\/{rel}","templated":true}]}}