{"id":15188,"date":"2023-10-16T13:19:37","date_gmt":"2023-10-16T13:19:37","guid":{"rendered":"http:\/\/eshop.heposvm.cz\/?post_type=product&#038;p=15188"},"modified":"2023-11-20T14:53:24","modified_gmt":"2023-11-20T14:53:24","slug":"kovane-tazne-oko-pr-40mm-pro-hepos-uni","status":"publish","type":"product","link":"https:\/\/eshop.heposvm.cz\/en\/product\/kovane-tazne-oko-pr-40mm-pro-hepos-uni\/","title":{"rendered":"Kovan\u00e9 ta\u017en\u00e9 oko pr. 40mm pro Hepos UNI"},"content":{"rendered":"<p>Kovan\u00e9 ta\u017en\u00e9 oko ase z\u00e1vitem pro pou\u017eit\u00ed s ta\u017en\u00fdmi ty\u010demi Hepos UNI 40 na Hepos UNI 40 TWIN<\/p>\n<p>Pr\u016fm\u011br oka 40mm<\/p>\n<p>Hmotnost 9kg<\/p>\n<p>&nbsp;<\/p>","protected":false},"excerpt":{"rendered":"<p>Kovan\u00e9 ta\u017en\u00e9 oko ase z\u00e1vitem pro pou\u017eit\u00ed s ta\u017en\u00fdmi ty\u010demi Hepos UNI 40 na Hepos UNI 40 TWIN Pr\u016fm\u011br oka 40mm Hmotnost 9kg &nbsp;<\/p>","protected":false},"featured_media":15189,"template":"","meta":[],"product_cat":[112,115,116],"product_tag":[],"class_list":{"0":"post-15188","1":"product","2":"type-product","3":"status-publish","4":"has-post-thumbnail","6":"product_cat-tazne-tyce","7":"product_cat-specialni-tazne-tyce","8":"product_cat-prislusenstvi","10":"first","11":"onbackorder","12":"taxable","13":"shipping-taxable","14":"purchasable","15":"product-type-simple"},"_links":{"self":[{"href":"https:\/\/eshop.heposvm.cz\/en\/wp-json\/wp\/v2\/product\/15188","targetHints":{"allow":["GET"]}}],"collection":[{"href":"https:\/\/eshop.heposvm.cz\/en\/wp-json\/wp\/v2\/product"}],"about":[{"href":"https:\/\/eshop.heposvm.cz\/en\/wp-json\/wp\/v2\/types\/product"}],"wp:featuredmedia":[{"embeddable":true,"href":"https:\/\/eshop.heposvm.cz\/en\/wp-json\/wp\/v2\/media\/15189"}],"wp:attachment":[{"href":"https:\/\/eshop.heposvm.cz\/en\/wp-json\/wp\/v2\/media?parent=15188"}],"wp:term":[{"taxonomy":"product_cat","embeddable":true,"href":"https:\/\/eshop.heposvm.cz\/en\/wp-json\/wp\/v2\/product_cat?post=15188"},{"taxonomy":"product_tag","embeddable":true,"href":"https:\/\/eshop.heposvm.cz\/en\/wp-json\/wp\/v2\/product_tag?post=15188"}],"curies":[{"name":"wp","href":"https:\/\/api.w.org\/{rel}","templated":true}]}}