{"id":15196,"date":"2023-10-17T10:55:30","date_gmt":"2023-10-17T10:55:30","guid":{"rendered":"http:\/\/eshop.heposvm.cz\/?post_type=product&#038;p=15196"},"modified":"2023-11-24T12:47:20","modified_gmt":"2023-11-24T12:47:20","slug":"tt-2-help-koncovy-dil-p","status":"publish","type":"product","link":"https:\/\/eshop.heposvm.cz\/en\/product\/tt-2-help-koncovy-dil-p\/","title":{"rendered":"TT-2 Help koncov\u00fd d\u00edl P"},"content":{"rendered":"<p>Samostatn\u00fd koncov\u00fd trubkov\u00fd d\u00edl pro ta\u017enou ty\u010d TT-2 Help s prav\u00fdm z\u00e1vitem v\u010detn\u011b z\u00e1tky<\/p>\n<p>Hmotnost 1,2kg<\/p>","protected":false},"excerpt":{"rendered":"<p>Samostatn\u00fd koncov\u00fd trubkov\u00fd d\u00edl pro ta\u017enou ty\u010d TT-2 Help s prav\u00fdm z\u00e1vitem v\u010detn\u011b z\u00e1tky Hmotnost 1,2kg<\/p>","protected":false},"featured_media":15197,"template":"","meta":[],"product_cat":[116],"product_tag":[],"class_list":{"0":"post-15196","1":"product","2":"type-product","3":"status-publish","4":"has-post-thumbnail","6":"product_cat-prislusenstvi","8":"first","9":"instock","10":"taxable","11":"shipping-taxable","12":"purchasable","13":"product-type-simple"},"_links":{"self":[{"href":"https:\/\/eshop.heposvm.cz\/en\/wp-json\/wp\/v2\/product\/15196","targetHints":{"allow":["GET"]}}],"collection":[{"href":"https:\/\/eshop.heposvm.cz\/en\/wp-json\/wp\/v2\/product"}],"about":[{"href":"https:\/\/eshop.heposvm.cz\/en\/wp-json\/wp\/v2\/types\/product"}],"wp:featuredmedia":[{"embeddable":true,"href":"https:\/\/eshop.heposvm.cz\/en\/wp-json\/wp\/v2\/media\/15197"}],"wp:attachment":[{"href":"https:\/\/eshop.heposvm.cz\/en\/wp-json\/wp\/v2\/media?parent=15196"}],"wp:term":[{"taxonomy":"product_cat","embeddable":true,"href":"https:\/\/eshop.heposvm.cz\/en\/wp-json\/wp\/v2\/product_cat?post=15196"},{"taxonomy":"product_tag","embeddable":true,"href":"https:\/\/eshop.heposvm.cz\/en\/wp-json\/wp\/v2\/product_tag?post=15196"}],"curies":[{"name":"wp","href":"https:\/\/api.w.org\/{rel}","templated":true}]}}