{"id":15207,"date":"2023-10-17T11:51:44","date_gmt":"2023-10-17T11:51:44","guid":{"rendered":"http:\/\/eshop.heposvm.cz\/?post_type=product&#038;p=15207"},"modified":"2023-11-24T12:37:08","modified_gmt":"2023-11-24T12:37:08","slug":"tt-2-help-stredovy-dil","status":"publish","type":"product","link":"https:\/\/eshop.heposvm.cz\/en\/product\/tt-2-help-stredovy-dil\/","title":{"rendered":"TT-2 Help st\u0159edov\u00fd d\u00edl"},"content":{"rendered":"<p>St\u0159edov\u00fd trubkov\u00fd d\u00edl pro ta\u017enou ty\u010d TT-2 Help v\u010detn\u011b spojovac\u00edch kol\u00edk\u016f<\/p>\n<p>Hmotnost 1,2kg<\/p>","protected":false},"excerpt":{"rendered":"<p>St\u0159edov\u00fd trubkov\u00fd d\u00edl pro ta\u017enou ty\u010d TT-2 Help v\u010detn\u011b spojovac\u00edch kol\u00edk\u016f Hmotnost 1,2kg<\/p>","protected":false},"featured_media":15208,"template":"","meta":[],"product_cat":[116],"product_tag":[],"class_list":{"0":"post-15207","1":"product","2":"type-product","3":"status-publish","4":"has-post-thumbnail","6":"product_cat-prislusenstvi","8":"first","9":"instock","10":"taxable","11":"shipping-taxable","12":"purchasable","13":"product-type-simple"},"_links":{"self":[{"href":"https:\/\/eshop.heposvm.cz\/en\/wp-json\/wp\/v2\/product\/15207","targetHints":{"allow":["GET"]}}],"collection":[{"href":"https:\/\/eshop.heposvm.cz\/en\/wp-json\/wp\/v2\/product"}],"about":[{"href":"https:\/\/eshop.heposvm.cz\/en\/wp-json\/wp\/v2\/types\/product"}],"wp:featuredmedia":[{"embeddable":true,"href":"https:\/\/eshop.heposvm.cz\/en\/wp-json\/wp\/v2\/media\/15208"}],"wp:attachment":[{"href":"https:\/\/eshop.heposvm.cz\/en\/wp-json\/wp\/v2\/media?parent=15207"}],"wp:term":[{"taxonomy":"product_cat","embeddable":true,"href":"https:\/\/eshop.heposvm.cz\/en\/wp-json\/wp\/v2\/product_cat?post=15207"},{"taxonomy":"product_tag","embeddable":true,"href":"https:\/\/eshop.heposvm.cz\/en\/wp-json\/wp\/v2\/product_tag?post=15207"}],"curies":[{"name":"wp","href":"https:\/\/api.w.org\/{rel}","templated":true}]}}