{"id":15209,"date":"2023-10-17T11:55:52","date_gmt":"2023-10-17T11:55:52","guid":{"rendered":"http:\/\/eshop.heposvm.cz\/?post_type=product&#038;p=15209"},"modified":"2023-11-22T09:44:25","modified_gmt":"2023-11-22T09:44:25","slug":"tt-2-help-hak-levy","status":"publish","type":"product","link":"https:\/\/eshop.heposvm.cz\/en\/product\/tt-2-help-hak-levy\/","title":{"rendered":"H\u00e1k lev\u00fd pro TT-2"},"content":{"rendered":"<p>Kovan\u00fd h\u00e1k pro ta\u017enou ty\u010d TT-2 s lev\u00fdm z\u00e1vitem<\/p>\n<p>Hmotnost 500g<\/p>","protected":false},"excerpt":{"rendered":"<p>Kovan\u00fd h\u00e1k pro ta\u017enou ty\u010d TT-2 s lev\u00fdm z\u00e1vitem Hmotnost 500g<\/p>","protected":false},"featured_media":15210,"template":"","meta":[],"product_cat":[116],"product_tag":[],"class_list":{"0":"post-15209","1":"product","2":"type-product","3":"status-publish","4":"has-post-thumbnail","6":"product_cat-prislusenstvi","8":"first","9":"instock","10":"taxable","11":"shipping-taxable","12":"purchasable","13":"product-type-simple"},"_links":{"self":[{"href":"https:\/\/eshop.heposvm.cz\/en\/wp-json\/wp\/v2\/product\/15209","targetHints":{"allow":["GET"]}}],"collection":[{"href":"https:\/\/eshop.heposvm.cz\/en\/wp-json\/wp\/v2\/product"}],"about":[{"href":"https:\/\/eshop.heposvm.cz\/en\/wp-json\/wp\/v2\/types\/product"}],"wp:featuredmedia":[{"embeddable":true,"href":"https:\/\/eshop.heposvm.cz\/en\/wp-json\/wp\/v2\/media\/15210"}],"wp:attachment":[{"href":"https:\/\/eshop.heposvm.cz\/en\/wp-json\/wp\/v2\/media?parent=15209"}],"wp:term":[{"taxonomy":"product_cat","embeddable":true,"href":"https:\/\/eshop.heposvm.cz\/en\/wp-json\/wp\/v2\/product_cat?post=15209"},{"taxonomy":"product_tag","embeddable":true,"href":"https:\/\/eshop.heposvm.cz\/en\/wp-json\/wp\/v2\/product_tag?post=15209"}],"curies":[{"name":"wp","href":"https:\/\/api.w.org\/{rel}","templated":true}]}}