{"id":15213,"date":"2023-10-17T12:07:11","date_gmt":"2023-10-17T12:07:11","guid":{"rendered":"http:\/\/eshop.heposvm.cz\/?post_type=product&#038;p=15213"},"modified":"2023-11-22T09:35:10","modified_gmt":"2023-11-22T09:35:10","slug":"tt-2-help-zatka","status":"publish","type":"product","link":"https:\/\/eshop.heposvm.cz\/en\/product\/tt-2-help-zatka\/","title":{"rendered":"Z\u00e1tka pro TT-2"},"content":{"rendered":"<p>Silonov\u00e1 z\u00e1tka pro koncovou trubku ta\u017en\u00e9 ty\u010de TT-2<\/p>\n<p>Hmotnost 6g<\/p>","protected":false},"excerpt":{"rendered":"<p>Silonov\u00e1 z\u00e1tka pro koncovou trubku ta\u017en\u00e9 ty\u010de TT-2 Hmotnost 6g<\/p>","protected":false},"featured_media":15214,"template":"","meta":[],"product_cat":[116],"product_tag":[],"class_list":{"0":"post-15213","1":"product","2":"type-product","3":"status-publish","4":"has-post-thumbnail","6":"product_cat-prislusenstvi","8":"first","9":"instock","10":"taxable","11":"shipping-taxable","12":"purchasable","13":"product-type-simple"},"_links":{"self":[{"href":"https:\/\/eshop.heposvm.cz\/en\/wp-json\/wp\/v2\/product\/15213","targetHints":{"allow":["GET"]}}],"collection":[{"href":"https:\/\/eshop.heposvm.cz\/en\/wp-json\/wp\/v2\/product"}],"about":[{"href":"https:\/\/eshop.heposvm.cz\/en\/wp-json\/wp\/v2\/types\/product"}],"wp:featuredmedia":[{"embeddable":true,"href":"https:\/\/eshop.heposvm.cz\/en\/wp-json\/wp\/v2\/media\/15214"}],"wp:attachment":[{"href":"https:\/\/eshop.heposvm.cz\/en\/wp-json\/wp\/v2\/media?parent=15213"}],"wp:term":[{"taxonomy":"product_cat","embeddable":true,"href":"https:\/\/eshop.heposvm.cz\/en\/wp-json\/wp\/v2\/product_cat?post=15213"},{"taxonomy":"product_tag","embeddable":true,"href":"https:\/\/eshop.heposvm.cz\/en\/wp-json\/wp\/v2\/product_tag?post=15213"}],"curies":[{"name":"wp","href":"https:\/\/api.w.org\/{rel}","templated":true}]}}