{"id":15216,"date":"2023-10-18T12:27:04","date_gmt":"2023-10-18T12:27:04","guid":{"rendered":"http:\/\/eshop.heposvm.cz\/?post_type=product&#038;p=15216"},"modified":"2023-11-22T09:37:31","modified_gmt":"2023-11-22T09:37:31","slug":"tt-2-help-kolik","status":"publish","type":"product","link":"https:\/\/eshop.heposvm.cz\/en\/product\/tt-2-help-kolik\/","title":{"rendered":"Spojovac\u00ed kol\u00edk pro TT-2"},"content":{"rendered":"<p>Spojovac\u00ed kol\u00edk pro ta\u017enou ty\u010d TT-2<\/p>\n<p>Hmotnost 40g<\/p>","protected":false},"excerpt":{"rendered":"<p>Spojovac\u00ed kol\u00edk pro ta\u017enou ty\u010d TT-2 Hmotnost 40g<\/p>","protected":false},"featured_media":15217,"template":"","meta":[],"product_cat":[116],"product_tag":[],"class_list":{"0":"post-15216","1":"product","2":"type-product","3":"status-publish","4":"has-post-thumbnail","6":"product_cat-prislusenstvi","8":"first","9":"instock","10":"taxable","11":"shipping-taxable","12":"purchasable","13":"product-type-simple"},"_links":{"self":[{"href":"https:\/\/eshop.heposvm.cz\/en\/wp-json\/wp\/v2\/product\/15216","targetHints":{"allow":["GET"]}}],"collection":[{"href":"https:\/\/eshop.heposvm.cz\/en\/wp-json\/wp\/v2\/product"}],"about":[{"href":"https:\/\/eshop.heposvm.cz\/en\/wp-json\/wp\/v2\/types\/product"}],"wp:featuredmedia":[{"embeddable":true,"href":"https:\/\/eshop.heposvm.cz\/en\/wp-json\/wp\/v2\/media\/15217"}],"wp:attachment":[{"href":"https:\/\/eshop.heposvm.cz\/en\/wp-json\/wp\/v2\/media?parent=15216"}],"wp:term":[{"taxonomy":"product_cat","embeddable":true,"href":"https:\/\/eshop.heposvm.cz\/en\/wp-json\/wp\/v2\/product_cat?post=15216"},{"taxonomy":"product_tag","embeddable":true,"href":"https:\/\/eshop.heposvm.cz\/en\/wp-json\/wp\/v2\/product_tag?post=15216"}],"curies":[{"name":"wp","href":"https:\/\/api.w.org\/{rel}","templated":true}]}}