{"id":15236,"date":"2023-10-19T13:09:45","date_gmt":"2023-10-19T13:09:45","guid":{"rendered":"http:\/\/eshop.heposvm.cz\/?post_type=product&#038;p=15236"},"modified":"2023-11-24T12:24:42","modified_gmt":"2023-11-24T12:24:42","slug":"tt-3-nova-koncovy-dil-s-hakem-l","status":"publish","type":"product","link":"https:\/\/eshop.heposvm.cz\/en\/product\/tt-3-nova-koncovy-dil-s-hakem-l\/","title":{"rendered":"TT-3 Nova koncov\u00fd d\u00edl s h\u00e1kem L"},"content":{"rendered":"<p>Koncov\u00fd trubkov\u00fd d\u00edl pro ta\u017enou ty\u010d TT-3 Nova s lev\u00fdm z\u00e1vitem v\u010detn\u011b kovan\u00e9ho h\u00e1ku a z\u00e1tky<\/p>\n<p>Hmotnost 2,2kg<\/p>","protected":false},"excerpt":{"rendered":"<p>Koncov\u00fd trubkov\u00fd d\u00edl pro ta\u017enou ty\u010d TT-3 Nova s lev\u00fdm z\u00e1vitem v\u010detn\u011b kovan\u00e9ho h\u00e1ku a z\u00e1tky Hmotnost 2,2kg<\/p>","protected":false},"featured_media":15237,"template":"","meta":[],"product_cat":[116],"product_tag":[],"class_list":{"0":"post-15236","1":"product","2":"type-product","3":"status-publish","4":"has-post-thumbnail","6":"product_cat-prislusenstvi","8":"first","9":"instock","10":"taxable","11":"shipping-taxable","12":"purchasable","13":"product-type-simple"},"_links":{"self":[{"href":"https:\/\/eshop.heposvm.cz\/en\/wp-json\/wp\/v2\/product\/15236","targetHints":{"allow":["GET"]}}],"collection":[{"href":"https:\/\/eshop.heposvm.cz\/en\/wp-json\/wp\/v2\/product"}],"about":[{"href":"https:\/\/eshop.heposvm.cz\/en\/wp-json\/wp\/v2\/types\/product"}],"wp:featuredmedia":[{"embeddable":true,"href":"https:\/\/eshop.heposvm.cz\/en\/wp-json\/wp\/v2\/media\/15237"}],"wp:attachment":[{"href":"https:\/\/eshop.heposvm.cz\/en\/wp-json\/wp\/v2\/media?parent=15236"}],"wp:term":[{"taxonomy":"product_cat","embeddable":true,"href":"https:\/\/eshop.heposvm.cz\/en\/wp-json\/wp\/v2\/product_cat?post=15236"},{"taxonomy":"product_tag","embeddable":true,"href":"https:\/\/eshop.heposvm.cz\/en\/wp-json\/wp\/v2\/product_tag?post=15236"}],"curies":[{"name":"wp","href":"https:\/\/api.w.org\/{rel}","templated":true}]}}