{"id":15240,"date":"2023-10-19T13:15:34","date_gmt":"2023-10-19T13:15:34","guid":{"rendered":"http:\/\/eshop.heposvm.cz\/?post_type=product&#038;p=15240"},"modified":"2023-11-24T12:23:21","modified_gmt":"2023-11-24T12:23:21","slug":"tt-3-nova-koncovy-dil-s-okem","status":"publish","type":"product","link":"https:\/\/eshop.heposvm.cz\/en\/product\/tt-3-nova-koncovy-dil-s-okem\/","title":{"rendered":"TT-3 Nova koncov\u00fd d\u00edl s okem"},"content":{"rendered":"<p>Koncov\u00fd trubkov\u00fd d\u00edl pro ta\u017enou ty\u010d TT-3 Nova se sva\u0159ovan\u00fdm okem a z\u00e1tkou<\/p>\n<p>Hmotnost 2,3kg<\/p>","protected":false},"excerpt":{"rendered":"<p>Koncov\u00fd trubkov\u00fd d\u00edl pro ta\u017enou ty\u010d TT-3 Nova se sva\u0159ovan\u00fdm okem a z\u00e1tkou Hmotnost 2,3kg<\/p>","protected":false},"featured_media":15241,"template":"","meta":[],"product_cat":[116],"product_tag":[],"class_list":{"0":"post-15240","1":"product","2":"type-product","3":"status-publish","4":"has-post-thumbnail","6":"product_cat-prislusenstvi","8":"first","9":"instock","10":"taxable","11":"shipping-taxable","12":"purchasable","13":"product-type-simple"},"_links":{"self":[{"href":"https:\/\/eshop.heposvm.cz\/en\/wp-json\/wp\/v2\/product\/15240","targetHints":{"allow":["GET"]}}],"collection":[{"href":"https:\/\/eshop.heposvm.cz\/en\/wp-json\/wp\/v2\/product"}],"about":[{"href":"https:\/\/eshop.heposvm.cz\/en\/wp-json\/wp\/v2\/types\/product"}],"wp:featuredmedia":[{"embeddable":true,"href":"https:\/\/eshop.heposvm.cz\/en\/wp-json\/wp\/v2\/media\/15241"}],"wp:attachment":[{"href":"https:\/\/eshop.heposvm.cz\/en\/wp-json\/wp\/v2\/media?parent=15240"}],"wp:term":[{"taxonomy":"product_cat","embeddable":true,"href":"https:\/\/eshop.heposvm.cz\/en\/wp-json\/wp\/v2\/product_cat?post=15240"},{"taxonomy":"product_tag","embeddable":true,"href":"https:\/\/eshop.heposvm.cz\/en\/wp-json\/wp\/v2\/product_tag?post=15240"}],"curies":[{"name":"wp","href":"https:\/\/api.w.org\/{rel}","templated":true}]}}