{"id":15243,"date":"2023-10-19T13:18:29","date_gmt":"2023-10-19T13:18:29","guid":{"rendered":"http:\/\/eshop.heposvm.cz\/?post_type=product&#038;p=15243"},"modified":"2023-11-24T12:19:59","modified_gmt":"2023-11-24T12:19:59","slug":"tt-3-nova-stredovy-dil","status":"publish","type":"product","link":"https:\/\/eshop.heposvm.cz\/en\/product\/tt-3-nova-stredovy-dil\/","title":{"rendered":"TT-3 Nova st\u0159edov\u00fd d\u00edl"},"content":{"rendered":"<p>St\u0159edov\u00fd trubkov\u00fd d\u00edl pro ta\u017enou ty\u010d TT-3 Nova v\u010detn\u011b spojovac\u00edch kol\u00edk\u016f<\/p>\n<p>Hmotnost 2,6 kg<\/p>","protected":false},"excerpt":{"rendered":"<p>St\u0159edov\u00fd trubkov\u00fd d\u00edl pro ta\u017enou ty\u010d TT-3 Nova v\u010detn\u011b spojovac\u00edch kol\u00edk\u016f Hmotnost 2,6 kg<\/p>","protected":false},"featured_media":15244,"template":"","meta":[],"product_cat":[116],"product_tag":[],"class_list":{"0":"post-15243","1":"product","2":"type-product","3":"status-publish","4":"has-post-thumbnail","6":"product_cat-prislusenstvi","8":"first","9":"instock","10":"taxable","11":"shipping-taxable","12":"purchasable","13":"product-type-simple"},"_links":{"self":[{"href":"https:\/\/eshop.heposvm.cz\/en\/wp-json\/wp\/v2\/product\/15243","targetHints":{"allow":["GET"]}}],"collection":[{"href":"https:\/\/eshop.heposvm.cz\/en\/wp-json\/wp\/v2\/product"}],"about":[{"href":"https:\/\/eshop.heposvm.cz\/en\/wp-json\/wp\/v2\/types\/product"}],"wp:featuredmedia":[{"embeddable":true,"href":"https:\/\/eshop.heposvm.cz\/en\/wp-json\/wp\/v2\/media\/15244"}],"wp:attachment":[{"href":"https:\/\/eshop.heposvm.cz\/en\/wp-json\/wp\/v2\/media?parent=15243"}],"wp:term":[{"taxonomy":"product_cat","embeddable":true,"href":"https:\/\/eshop.heposvm.cz\/en\/wp-json\/wp\/v2\/product_cat?post=15243"},{"taxonomy":"product_tag","embeddable":true,"href":"https:\/\/eshop.heposvm.cz\/en\/wp-json\/wp\/v2\/product_tag?post=15243"}],"curies":[{"name":"wp","href":"https:\/\/api.w.org\/{rel}","templated":true}]}}