{"id":15245,"date":"2023-10-19T13:20:22","date_gmt":"2023-10-19T13:20:22","guid":{"rendered":"http:\/\/eshop.heposvm.cz\/?post_type=product&#038;p=15245"},"modified":"2023-11-22T09:41:26","modified_gmt":"2023-11-22T09:41:26","slug":"tt-3-nova-hak-levy","status":"publish","type":"product","link":"https:\/\/eshop.heposvm.cz\/en\/product\/tt-3-nova-hak-levy\/","title":{"rendered":"H\u00e1k lev\u00fd pro TT-3"},"content":{"rendered":"<p>Kovan\u00fd h\u00e1k pro ta\u017enou ty\u010d TT-3 s lev\u00fdm z\u00e1vitem<\/p>\n<p>Hmotnost 560g<\/p>","protected":false},"excerpt":{"rendered":"<p>Kovan\u00fd h\u00e1k pro ta\u017enou ty\u010d TT-3 s lev\u00fdm z\u00e1vitem Hmotnost 560g<\/p>","protected":false},"featured_media":15246,"template":"","meta":[],"product_cat":[116],"product_tag":[],"class_list":{"0":"post-15245","1":"product","2":"type-product","3":"status-publish","4":"has-post-thumbnail","6":"product_cat-prislusenstvi","8":"first","9":"instock","10":"taxable","11":"shipping-taxable","12":"purchasable","13":"product-type-simple"},"_links":{"self":[{"href":"https:\/\/eshop.heposvm.cz\/en\/wp-json\/wp\/v2\/product\/15245","targetHints":{"allow":["GET"]}}],"collection":[{"href":"https:\/\/eshop.heposvm.cz\/en\/wp-json\/wp\/v2\/product"}],"about":[{"href":"https:\/\/eshop.heposvm.cz\/en\/wp-json\/wp\/v2\/types\/product"}],"wp:featuredmedia":[{"embeddable":true,"href":"https:\/\/eshop.heposvm.cz\/en\/wp-json\/wp\/v2\/media\/15246"}],"wp:attachment":[{"href":"https:\/\/eshop.heposvm.cz\/en\/wp-json\/wp\/v2\/media?parent=15245"}],"wp:term":[{"taxonomy":"product_cat","embeddable":true,"href":"https:\/\/eshop.heposvm.cz\/en\/wp-json\/wp\/v2\/product_cat?post=15245"},{"taxonomy":"product_tag","embeddable":true,"href":"https:\/\/eshop.heposvm.cz\/en\/wp-json\/wp\/v2\/product_tag?post=15245"}],"curies":[{"name":"wp","href":"https:\/\/api.w.org\/{rel}","templated":true}]}}