{"id":15250,"date":"2023-10-20T12:16:59","date_gmt":"2023-10-20T12:16:59","guid":{"rendered":"http:\/\/eshop.heposvm.cz\/?post_type=product&#038;p=15250"},"modified":"2023-11-22T09:36:45","modified_gmt":"2023-11-22T09:36:45","slug":"kolik-pro-tt-3-nova","status":"publish","type":"product","link":"https:\/\/eshop.heposvm.cz\/en\/product\/kolik-pro-tt-3-nova\/","title":{"rendered":"Spojovac\u00ed kol\u00edk pro TT-3"},"content":{"rendered":"<p>Spojovac\u00ed kol\u00edk pro ta\u017enou ty\u010d TT-3<\/p>\n<p>Hmotnost 57g<\/p>","protected":false},"excerpt":{"rendered":"<p>Spojovac\u00ed kol\u00edk pro ta\u017enou ty\u010d TT-3 Hmotnost 57g<\/p>","protected":false},"featured_media":15251,"template":"","meta":[],"product_cat":[116],"product_tag":[],"class_list":{"0":"post-15250","1":"product","2":"type-product","3":"status-publish","4":"has-post-thumbnail","6":"product_cat-prislusenstvi","8":"first","9":"instock","10":"taxable","11":"shipping-taxable","12":"purchasable","13":"product-type-simple"},"_links":{"self":[{"href":"https:\/\/eshop.heposvm.cz\/en\/wp-json\/wp\/v2\/product\/15250","targetHints":{"allow":["GET"]}}],"collection":[{"href":"https:\/\/eshop.heposvm.cz\/en\/wp-json\/wp\/v2\/product"}],"about":[{"href":"https:\/\/eshop.heposvm.cz\/en\/wp-json\/wp\/v2\/types\/product"}],"wp:featuredmedia":[{"embeddable":true,"href":"https:\/\/eshop.heposvm.cz\/en\/wp-json\/wp\/v2\/media\/15251"}],"wp:attachment":[{"href":"https:\/\/eshop.heposvm.cz\/en\/wp-json\/wp\/v2\/media?parent=15250"}],"wp:term":[{"taxonomy":"product_cat","embeddable":true,"href":"https:\/\/eshop.heposvm.cz\/en\/wp-json\/wp\/v2\/product_cat?post=15250"},{"taxonomy":"product_tag","embeddable":true,"href":"https:\/\/eshop.heposvm.cz\/en\/wp-json\/wp\/v2\/product_tag?post=15250"}],"curies":[{"name":"wp","href":"https:\/\/api.w.org\/{rel}","templated":true}]}}