{"id":15254,"date":"2023-10-20T12:24:55","date_gmt":"2023-10-20T12:24:55","guid":{"rendered":"http:\/\/eshop.heposvm.cz\/?post_type=product&#038;p=15254"},"modified":"2023-11-24T12:16:37","modified_gmt":"2023-11-24T12:16:37","slug":"tt-3-nova-obal","status":"publish","type":"product","link":"https:\/\/eshop.heposvm.cz\/en\/product\/tt-3-nova-obal\/","title":{"rendered":"TT-3 Nova obal"},"content":{"rendered":"<p>Textiln\u00ed obal na ta\u017enou ty\u010d TT-3 Nova<\/p>\n<p>Hmotnost 160g<\/p>","protected":false},"excerpt":{"rendered":"<p>Textiln\u00ed obal na ta\u017enou ty\u010d TT-3 Nova Hmotnost 160g<\/p>","protected":false},"featured_media":15219,"template":"","meta":[],"product_cat":[116],"product_tag":[],"class_list":{"0":"post-15254","1":"product","2":"type-product","3":"status-publish","4":"has-post-thumbnail","6":"product_cat-prislusenstvi","8":"first","9":"instock","10":"taxable","11":"shipping-taxable","12":"purchasable","13":"product-type-simple"},"_links":{"self":[{"href":"https:\/\/eshop.heposvm.cz\/en\/wp-json\/wp\/v2\/product\/15254","targetHints":{"allow":["GET"]}}],"collection":[{"href":"https:\/\/eshop.heposvm.cz\/en\/wp-json\/wp\/v2\/product"}],"about":[{"href":"https:\/\/eshop.heposvm.cz\/en\/wp-json\/wp\/v2\/types\/product"}],"wp:featuredmedia":[{"embeddable":true,"href":"https:\/\/eshop.heposvm.cz\/en\/wp-json\/wp\/v2\/media\/15219"}],"wp:attachment":[{"href":"https:\/\/eshop.heposvm.cz\/en\/wp-json\/wp\/v2\/media?parent=15254"}],"wp:term":[{"taxonomy":"product_cat","embeddable":true,"href":"https:\/\/eshop.heposvm.cz\/en\/wp-json\/wp\/v2\/product_cat?post=15254"},{"taxonomy":"product_tag","embeddable":true,"href":"https:\/\/eshop.heposvm.cz\/en\/wp-json\/wp\/v2\/product_tag?post=15254"}],"curies":[{"name":"wp","href":"https:\/\/api.w.org\/{rel}","templated":true}]}}