{"id":15256,"date":"2023-10-23T05:37:45","date_gmt":"2023-10-23T05:37:45","guid":{"rendered":"http:\/\/eshop.heposvm.cz\/?post_type=product&#038;p=15256"},"modified":"2023-11-15T10:04:19","modified_gmt":"2023-11-15T10:04:19","slug":"zahradni-nerezova-sprcha","status":"publish","type":"product","link":"https:\/\/eshop.heposvm.cz\/en\/product\/zahradni-nerezova-sprcha\/","title":{"rendered":"Zahradn\u00ed nerezov\u00e1 sprcha"},"content":{"rendered":"<p>Celonerezov\u00e1 zahradn\u00ed sprcha, pro zv\u00fd\u0161en\u00ed \u00fa\u010dinku sol\u00e1rn\u00edho oh\u0159evu opat\u0159ena \u010dernou povrchovou \u00fapravou. Sprchu je ve spodn\u00ed \u010d\u00e1sti opat\u0159ena rychlospojkou pro p\u0159ipojen\u00ed zahradn\u00ed hadice. V\u00e1lec zahradn\u00ed sprchy je dopln\u011bn o sm\u011b\u0161ovac\u00ed sprchovou bateri\u00ed kter\u00e1 d\u00edky vnit\u0159n\u00edmu syst\u00e9mu zapojen\u00ed, umo\u017e\u0148uje nastaven\u00ed optim\u00e1ln\u00ed teploty vody p\u0159i sprchov\u00e1n\u00ed.<\/p>\n<ul>\n<li>mat. nerez s \u010dernou povrchovou \u00fapravou<\/li>\n<li>v\u00fd\u0161ka 2.000 mm<\/li>\n<li>pr\u016fm\u011br 250 mm<\/li>\n<li>obsah vody pro sprchov\u00e1n\u00ed cca 100 l<\/li>\n<\/ul>","protected":false},"excerpt":{"rendered":"<p>Celonerezov\u00e1 zahradn\u00ed sprcha, pro zv\u00fd\u0161en\u00ed \u00fa\u010dinku sol\u00e1rn\u00edho oh\u0159evu opat\u0159ena \u010dernou povrchovou \u00fapravou. Sprchu je ve spodn\u00ed \u010d\u00e1sti opat\u0159ena rychlospojkou pro p\u0159ipojen\u00ed zahradn\u00ed hadice. V\u00e1lec zahradn\u00ed sprchy je dopln\u011bn o sm\u011b\u0161ovac\u00ed sprchovou bateri\u00ed kter\u00e1 d\u00edky vnit\u0159n\u00edmu syst\u00e9mu zapojen\u00ed, umo\u017e\u0148uje nastaven\u00ed optim\u00e1ln\u00ed teploty vody p\u0159i sprchov\u00e1n\u00ed. mat. nerez s \u010dernou povrchovou \u00fapravou v\u00fd\u0161ka 2.000 mm pr\u016fm\u011br 250 [&hellip;]<\/p>\n","protected":false},"featured_media":15257,"template":"","meta":[],"product_cat":[118],"product_tag":[],"class_list":{"0":"post-15256","1":"product","2":"type-product","3":"status-publish","4":"has-post-thumbnail","6":"product_cat-zahradni-sprcha","8":"first","9":"onbackorder","10":"taxable","11":"shipping-taxable","12":"purchasable","13":"product-type-simple"},"_links":{"self":[{"href":"https:\/\/eshop.heposvm.cz\/en\/wp-json\/wp\/v2\/product\/15256","targetHints":{"allow":["GET"]}}],"collection":[{"href":"https:\/\/eshop.heposvm.cz\/en\/wp-json\/wp\/v2\/product"}],"about":[{"href":"https:\/\/eshop.heposvm.cz\/en\/wp-json\/wp\/v2\/types\/product"}],"wp:featuredmedia":[{"embeddable":true,"href":"https:\/\/eshop.heposvm.cz\/en\/wp-json\/wp\/v2\/media\/15257"}],"wp:attachment":[{"href":"https:\/\/eshop.heposvm.cz\/en\/wp-json\/wp\/v2\/media?parent=15256"}],"wp:term":[{"taxonomy":"product_cat","embeddable":true,"href":"https:\/\/eshop.heposvm.cz\/en\/wp-json\/wp\/v2\/product_cat?post=15256"},{"taxonomy":"product_tag","embeddable":true,"href":"https:\/\/eshop.heposvm.cz\/en\/wp-json\/wp\/v2\/product_tag?post=15256"}],"curies":[{"name":"wp","href":"https:\/\/api.w.org\/{rel}","templated":true}]}}