{"id":15263,"date":"2023-10-24T10:44:25","date_gmt":"2023-10-24T10:44:25","guid":{"rendered":"http:\/\/eshop.heposvm.cz\/?post_type=product&#038;p=15263"},"modified":"2023-11-10T06:41:42","modified_gmt":"2023-11-10T06:41:42","slug":"jidelni-stul","status":"publish","type":"product","link":"https:\/\/eshop.heposvm.cz\/en\/product\/jidelni-stul\/","title":{"rendered":"J\u00eddeln\u00ed st\u016fl"},"content":{"rendered":"<ul>\n<li>ocelov\u00e9 nohy v tmav\u011b antracitov\u00e9 barv\u011b dopln\u011bn\u00e9 lakovanou dubovou j\u00eddeln\u00ed deskou<\/li>\n<li>design stolu je navr\u017een s ohledem na design \u017eidl\u00ed Ton Merano<\/li>\n<\/ul>\n<p>Pro v\u00edce informac\u00ed o zak\u00e1zkov\u00e9 v\u00fdrob\u011b volejte na +420 606 028 784 nebo pi\u0161t\u011b na\u00a0email:\u00a0<a href=\"mailto:p.masek@heposvm.cz\">p.masek@heposvm.cz<\/a><\/p>\n<p>&nbsp;<\/p>","protected":false},"excerpt":{"rendered":"<p>ocelov\u00e9 nohy v tmav\u011b antracitov\u00e9 barv\u011b dopln\u011bn\u00e9 lakovanou dubovou j\u00eddeln\u00ed deskou design stolu je navr\u017een s ohledem na design \u017eidl\u00ed Ton Merano Pro v\u00edce informac\u00ed o zak\u00e1zkov\u00e9 v\u00fdrob\u011b volejte na +420 606 028 784 nebo pi\u0161t\u011b na\u00a0email:\u00a0p.masek@heposvm.cz &nbsp;<\/p>","protected":false},"featured_media":15228,"template":"","meta":[],"product_cat":[120],"product_tag":[],"class_list":{"0":"post-15263","1":"product","2":"type-product","3":"status-publish","4":"has-post-thumbnail","6":"product_cat-zakazkova-vyroba","8":"first","9":"onbackorder","10":"taxable","11":"shipping-taxable","12":"product-type-simple"},"_links":{"self":[{"href":"https:\/\/eshop.heposvm.cz\/en\/wp-json\/wp\/v2\/product\/15263","targetHints":{"allow":["GET"]}}],"collection":[{"href":"https:\/\/eshop.heposvm.cz\/en\/wp-json\/wp\/v2\/product"}],"about":[{"href":"https:\/\/eshop.heposvm.cz\/en\/wp-json\/wp\/v2\/types\/product"}],"wp:featuredmedia":[{"embeddable":true,"href":"https:\/\/eshop.heposvm.cz\/en\/wp-json\/wp\/v2\/media\/15228"}],"wp:attachment":[{"href":"https:\/\/eshop.heposvm.cz\/en\/wp-json\/wp\/v2\/media?parent=15263"}],"wp:term":[{"taxonomy":"product_cat","embeddable":true,"href":"https:\/\/eshop.heposvm.cz\/en\/wp-json\/wp\/v2\/product_cat?post=15263"},{"taxonomy":"product_tag","embeddable":true,"href":"https:\/\/eshop.heposvm.cz\/en\/wp-json\/wp\/v2\/product_tag?post=15263"}],"curies":[{"name":"wp","href":"https:\/\/api.w.org\/{rel}","templated":true}]}}