{"id":15264,"date":"2023-10-24T11:09:53","date_gmt":"2023-10-24T11:09:53","guid":{"rendered":"http:\/\/eshop.heposvm.cz\/?post_type=product&#038;p=15264"},"modified":"2023-11-10T06:41:03","modified_gmt":"2023-11-10T06:41:03","slug":"konferencni-stolek","status":"publish","type":"product","link":"https:\/\/eshop.heposvm.cz\/en\/product\/konferencni-stolek\/","title":{"rendered":"Konferen\u010dn\u00ed stolek"},"content":{"rendered":"<ul>\n<li>ocelov\u00e9 nohy v tmav\u011b antracitov\u00e9 barv\u011b dopln\u011bn\u00e9 lakovanou dubovou deskou a dubovou poli\u010dkou<\/li>\n<\/ul>\n<p>Pro v\u00edce informac\u00ed o zak\u00e1zkov\u00e9 v\u00fdrob\u011b volejte na +420 606 028 784 nebo pi\u0161t\u011b na\u00a0email:\u00a0<a href=\"mailto:p.masek@heposvm.cz\">p.masek@heposvm.cz<\/a><\/p>","protected":false},"excerpt":{"rendered":"<p>ocelov\u00e9 nohy v tmav\u011b antracitov\u00e9 barv\u011b dopln\u011bn\u00e9 lakovanou dubovou deskou a dubovou poli\u010dkou Pro v\u00edce informac\u00ed o zak\u00e1zkov\u00e9 v\u00fdrob\u011b volejte na +420 606 028 784 nebo pi\u0161t\u011b na\u00a0email:\u00a0p.masek@heposvm.cz<\/p>","protected":false},"featured_media":15265,"template":"","meta":[],"product_cat":[120],"product_tag":[],"class_list":{"0":"post-15264","1":"product","2":"type-product","3":"status-publish","4":"has-post-thumbnail","6":"product_cat-zakazkova-vyroba","8":"first","9":"onbackorder","10":"taxable","11":"shipping-taxable","12":"product-type-simple"},"_links":{"self":[{"href":"https:\/\/eshop.heposvm.cz\/en\/wp-json\/wp\/v2\/product\/15264","targetHints":{"allow":["GET"]}}],"collection":[{"href":"https:\/\/eshop.heposvm.cz\/en\/wp-json\/wp\/v2\/product"}],"about":[{"href":"https:\/\/eshop.heposvm.cz\/en\/wp-json\/wp\/v2\/types\/product"}],"wp:featuredmedia":[{"embeddable":true,"href":"https:\/\/eshop.heposvm.cz\/en\/wp-json\/wp\/v2\/media\/15265"}],"wp:attachment":[{"href":"https:\/\/eshop.heposvm.cz\/en\/wp-json\/wp\/v2\/media?parent=15264"}],"wp:term":[{"taxonomy":"product_cat","embeddable":true,"href":"https:\/\/eshop.heposvm.cz\/en\/wp-json\/wp\/v2\/product_cat?post=15264"},{"taxonomy":"product_tag","embeddable":true,"href":"https:\/\/eshop.heposvm.cz\/en\/wp-json\/wp\/v2\/product_tag?post=15264"}],"curies":[{"name":"wp","href":"https:\/\/api.w.org\/{rel}","templated":true}]}}