{"id":15409,"date":"2024-01-18T06:32:18","date_gmt":"2024-01-18T06:32:18","guid":{"rendered":"https:\/\/eshop.heposvm.cz\/?post_type=product&#038;p=15409"},"modified":"2024-01-27T06:26:34","modified_gmt":"2024-01-27T06:26:34","slug":"hepos-tt-3-nova-k-zapujceni","status":"publish","type":"product","link":"https:\/\/eshop.heposvm.cz\/en\/product\/hepos-tt-3-nova-k-zapujceni\/","title":{"rendered":"Hepos TT-3 Nova k zap\u016fj\u010den\u00ed"},"content":{"rendered":"<ul>\n<li>Cena zap\u016fj\u010den\u00ed je uvedena za jeden den resp. 24 hod od uzav\u0159en\u00ed smlouvy o zap\u016fj\u010den\u00ed<\/li>\n<li>Jak\u00e9koli po\u0161kozen\u00ed ta\u017en\u00e9 ty\u010de bude p\u0159i vr\u00e1cen\u00ed uhrazeno dle platn\u00e9ho cen\u00edku n\u00e1hradn\u00edch d\u00edl\u016f<\/li>\n<li>Certifikovan\u00e1 ta\u017en\u00e1 ty\u010d pro odtahy motorov\u00fdch vozidel do hmotnosti 3500kg<\/li>\n<li>Ta\u017en\u00e1 ty\u010d ur\u010den\u00e1 k bezpe\u010dn\u00e9mu vle\u010den\u00ed vozu<\/li>\n<\/ul>\n<p>Tento v\u00fdrobek je shodn\u00fd s typem schv\u00e1len\u00fdm Ministerstvem dopravy a spoj\u016f \u010cR \u010d. 8SD 2800\/III., odpov\u00edd\u00e1 Z\u00e1konu o provozu na pozemn\u00edch komunikac\u00edch a byl testov\u00e1n st\u00e1tn\u00ed zku\u0161ebnou.<br \/>\nD\u00e9lka 1820 mm v rozlo\u017een\u00e9m stavu, ve slo\u017een\u00e9m stavu 700 mm.<br \/>\nUlo\u017eena v praktick\u00e9m pouzd\u0159e.<br \/>\nTa\u017en\u00e1 ty\u010d obsahuje 2\u00d7 koncov\u00e9 z\u00e1vitov\u00e9 trubky s kovan\u00fdmi h\u00e1ky na konc\u00edch, 1\u00d7 st\u0159edovou trubku a jejich zaji\u0161t\u011bn\u00ed se prov\u00e1d\u00ed p\u00e9rov\u00fdmi kol\u00edky.<br \/>\nOko\/oko: 40\/40 mm<br \/>\nOsov\u00e1 vzd\u00e1lenost: 1820 mm<br \/>\nHmotnost: 7,5 kg<\/p>","protected":false},"excerpt":{"rendered":"<p>Cena zap\u016fj\u010den\u00ed je uvedena za jeden den resp. 24 hod od uzav\u0159en\u00ed smlouvy o zap\u016fj\u010den\u00ed Jak\u00e9koli po\u0161kozen\u00ed ta\u017en\u00e9 ty\u010de bude p\u0159i vr\u00e1cen\u00ed uhrazeno dle platn\u00e9ho cen\u00edku n\u00e1hradn\u00edch d\u00edl\u016f Certifikovan\u00e1 ta\u017en\u00e1 ty\u010d pro odtahy motorov\u00fdch vozidel do hmotnosti 3500kg Ta\u017en\u00e1 ty\u010d ur\u010den\u00e1 k bezpe\u010dn\u00e9mu vle\u010den\u00ed vozu Tento v\u00fdrobek je shodn\u00fd s typem schv\u00e1len\u00fdm Ministerstvem dopravy a [&hellip;]<\/p>\n","protected":false},"featured_media":15158,"template":"","meta":[],"product_cat":[121],"product_tag":[],"class_list":{"0":"post-15409","1":"product","2":"type-product","3":"status-publish","4":"has-post-thumbnail","6":"product_cat-pujcovna-tyci","8":"first","9":"onbackorder","10":"taxable","11":"shipping-taxable","12":"purchasable","13":"product-type-simple"},"_links":{"self":[{"href":"https:\/\/eshop.heposvm.cz\/en\/wp-json\/wp\/v2\/product\/15409","targetHints":{"allow":["GET"]}}],"collection":[{"href":"https:\/\/eshop.heposvm.cz\/en\/wp-json\/wp\/v2\/product"}],"about":[{"href":"https:\/\/eshop.heposvm.cz\/en\/wp-json\/wp\/v2\/types\/product"}],"wp:featuredmedia":[{"embeddable":true,"href":"https:\/\/eshop.heposvm.cz\/en\/wp-json\/wp\/v2\/media\/15158"}],"wp:attachment":[{"href":"https:\/\/eshop.heposvm.cz\/en\/wp-json\/wp\/v2\/media?parent=15409"}],"wp:term":[{"taxonomy":"product_cat","embeddable":true,"href":"https:\/\/eshop.heposvm.cz\/en\/wp-json\/wp\/v2\/product_cat?post=15409"},{"taxonomy":"product_tag","embeddable":true,"href":"https:\/\/eshop.heposvm.cz\/en\/wp-json\/wp\/v2\/product_tag?post=15409"}],"curies":[{"name":"wp","href":"https:\/\/api.w.org\/{rel}","templated":true}]}}