{"id":15429,"date":"2024-01-24T13:28:08","date_gmt":"2024-01-24T13:28:08","guid":{"rendered":"https:\/\/eshop.heposvm.cz\/?post_type=product&#038;p=15429"},"modified":"2024-02-14T08:19:08","modified_gmt":"2024-02-14T08:19:08","slug":"navod-na-montaz-tazne-tyce-hepos","status":"publish","type":"product","link":"https:\/\/eshop.heposvm.cz\/en\/product\/navod-na-montaz-tazne-tyce-hepos\/","title":{"rendered":"N\u00e1vod na mont\u00e1\u017e ta\u017en\u00e9 ty\u010de Hepos"},"content":{"rendered":"<p><iframe loading=\"lazy\" title=\"N\u00e1vod na mont\u00e1\u017e ta\u017en\u00e9 ty\u010de Hepos\" width=\"500\" height=\"281\" src=\"https:\/\/www.youtube.com\/embed\/EAnLMrNsLCM?feature=oembed\" frameborder=\"0\" allow=\"accelerometer; autoplay; clipboard-write; encrypted-media; gyroscope; picture-in-picture; web-share\" referrerpolicy=\"strict-origin-when-cross-origin\" allowfullscreen><\/iframe><\/p>","protected":false},"excerpt":{"rendered":"","protected":false},"featured_media":15465,"template":"","meta":[],"product_cat":[113],"product_tag":[],"class_list":{"0":"post-15429","1":"product","2":"type-product","3":"status-publish","4":"has-post-thumbnail","6":"product_cat-osobni-automobily","8":"first","9":"onbackorder","10":"taxable","11":"shipping-taxable","12":"product-type-simple"},"_links":{"self":[{"href":"https:\/\/eshop.heposvm.cz\/en\/wp-json\/wp\/v2\/product\/15429","targetHints":{"allow":["GET"]}}],"collection":[{"href":"https:\/\/eshop.heposvm.cz\/en\/wp-json\/wp\/v2\/product"}],"about":[{"href":"https:\/\/eshop.heposvm.cz\/en\/wp-json\/wp\/v2\/types\/product"}],"wp:featuredmedia":[{"embeddable":true,"href":"https:\/\/eshop.heposvm.cz\/en\/wp-json\/wp\/v2\/media\/15465"}],"wp:attachment":[{"href":"https:\/\/eshop.heposvm.cz\/en\/wp-json\/wp\/v2\/media?parent=15429"}],"wp:term":[{"taxonomy":"product_cat","embeddable":true,"href":"https:\/\/eshop.heposvm.cz\/en\/wp-json\/wp\/v2\/product_cat?post=15429"},{"taxonomy":"product_tag","embeddable":true,"href":"https:\/\/eshop.heposvm.cz\/en\/wp-json\/wp\/v2\/product_tag?post=15429"}],"curies":[{"name":"wp","href":"https:\/\/api.w.org\/{rel}","templated":true}]}}