{"id":15461,"date":"2024-02-13T09:23:58","date_gmt":"2024-02-13T09:23:58","guid":{"rendered":"https:\/\/eshop.heposvm.cz\/?post_type=product&#038;p=15461"},"modified":"2025-01-21T14:07:16","modified_gmt":"2025-01-21T14:07:16","slug":"hepos-tatra-4-40","status":"publish","type":"product","link":"https:\/\/eshop.heposvm.cz\/en\/product\/hepos-tatra-4-40\/","title":{"rendered":"Hepos Tatra 4\/40"},"content":{"rendered":"<ul>\n<li>Certifikovan\u00e9 ta\u017en\u00e9 ty\u010de pro odtah vozidel do hmotnosti 40t<\/li>\n<li>Ta\u017en\u00e1 ty\u010d ur\u010den\u00e1 k bezpe\u010dn\u00e9mu vle\u010den\u00ed vozu<\/li>\n<\/ul>\n<p>Tento v\u00fdrobek je shodn\u00fd s typem schv\u00e1len\u00fdm Ministerstvem dopravy \u010cR \u010d. 2800\/III., odpov\u00edd\u00e1 Z\u00e1konu o provozu na pozemn\u00edch komunikac\u00edch a byl testov\u00e1n st\u00e1tn\u00ed zku\u0161ebnou.<br \/>\nOko pr\u016fm\u011br 40 mm. Osov\u00e1 vzd\u00e1lenost 2000 mm.<\/p>\n<p>Hmotnost 46kg.<\/p>\n<p>P\u0159i koupi <strong>2<\/strong>ks \u00a0 cena 6762 K\u010d bez DPH<br \/>\nP\u0159i koupi <strong>5<\/strong>ks \u00a0 cena 6555 K\u010d bez DPH<br \/>\nP\u0159i koupi <strong>10<\/strong>ks cena 6210 K\u010d bez DPH<\/p>\n<p>&nbsp;<\/p>","protected":false},"excerpt":{"rendered":"<p>Certifikovan\u00e9 ta\u017en\u00e9 ty\u010de pro odtah vozidel do hmotnosti 40t Ta\u017en\u00e1 ty\u010d ur\u010den\u00e1 k bezpe\u010dn\u00e9mu vle\u010den\u00ed vozu Tento v\u00fdrobek je shodn\u00fd s typem schv\u00e1len\u00fdm Ministerstvem dopravy \u010cR \u010d. 2800\/III., odpov\u00edd\u00e1 Z\u00e1konu o provozu na pozemn\u00edch komunikac\u00edch a byl testov\u00e1n st\u00e1tn\u00ed zku\u0161ebnou. Oko pr\u016fm\u011br 40 mm. Osov\u00e1 vzd\u00e1lenost 2000 mm. Hmotnost 46kg. P\u0159i koupi 2ks \u00a0 cena [&hellip;]<\/p>\n","protected":false},"featured_media":15462,"template":"","meta":[],"product_cat":[112,114],"product_tag":[],"class_list":{"0":"post-15461","1":"product","2":"type-product","3":"status-publish","4":"has-post-thumbnail","6":"product_cat-tazne-tyce","7":"product_cat-nakladni-automobily","9":"first","10":"onbackorder","11":"taxable","12":"shipping-taxable","13":"purchasable","14":"product-type-simple"},"_links":{"self":[{"href":"https:\/\/eshop.heposvm.cz\/en\/wp-json\/wp\/v2\/product\/15461","targetHints":{"allow":["GET"]}}],"collection":[{"href":"https:\/\/eshop.heposvm.cz\/en\/wp-json\/wp\/v2\/product"}],"about":[{"href":"https:\/\/eshop.heposvm.cz\/en\/wp-json\/wp\/v2\/types\/product"}],"wp:featuredmedia":[{"embeddable":true,"href":"https:\/\/eshop.heposvm.cz\/en\/wp-json\/wp\/v2\/media\/15462"}],"wp:attachment":[{"href":"https:\/\/eshop.heposvm.cz\/en\/wp-json\/wp\/v2\/media?parent=15461"}],"wp:term":[{"taxonomy":"product_cat","embeddable":true,"href":"https:\/\/eshop.heposvm.cz\/en\/wp-json\/wp\/v2\/product_cat?post=15461"},{"taxonomy":"product_tag","embeddable":true,"href":"https:\/\/eshop.heposvm.cz\/en\/wp-json\/wp\/v2\/product_tag?post=15461"}],"curies":[{"name":"wp","href":"https:\/\/api.w.org\/{rel}","templated":true}]}}