{"id":15666,"date":"2025-01-22T06:02:32","date_gmt":"2025-01-22T06:02:32","guid":{"rendered":"https:\/\/eshop.heposvm.cz\/?post_type=product&#038;p=15666"},"modified":"2025-01-22T06:04:04","modified_gmt":"2025-01-22T06:04:04","slug":"ocelovy-klin-pro-zajisteni-vozidla-v-pricnem-smeru","status":"publish","type":"product","link":"https:\/\/eshop.heposvm.cz\/en\/product\/ocelovy-klin-pro-zajisteni-vozidla-v-pricnem-smeru\/","title":{"rendered":"Ocelov\u00fd kl\u00edn pro zaji\u0161t\u011bn\u00ed vozidla v p\u0159\u00ed\u010dn\u00e9m sm\u011bru"},"content":{"rendered":"<ul>\n<li>speci\u00e1ln\u00ed kl\u00edn pro zaji\u0161t\u011bn\u00ed kolov\u00fdch a p\u00e1sov\u00fdch vozidel na \u017eelezni\u010dn\u00edch vozech vyroben\u00e9 dle mezin\u00e1rodn\u00edch \u017eelezni\u010dn\u00edch nakl\u00e1dac\u00edch p\u0159edpis\u016f<\/li>\n<li>odpov\u00edd\u00e1 mezin\u00e1rodn\u00edm po\u017eadavk\u016fm na fixaci kolov\u00fdch vozidel na \u017eelezni\u010dn\u00edch vozech (p\u0159edpis UIC)<\/li>\n<li>mo\u017enost zaji\u0161t\u011bn\u00ed vozidel o celkov\u00e9 hmotnosti 6 &#8211; 20 tun v\u00a0p\u0159\u00ed\u010dn\u00e9m sm\u011bru pohybu \u017eelezni\u010dn\u00edho pohybu<\/li>\n<\/ul>\n<p>&nbsp;<\/p>\n<ul>\n<li>V\u00fd\u0161ka: 135 mm<\/li>\n<li>\u0160\u00ed\u0159ka: <span class=\"Apple-converted-space\">\u00a0 <\/span>265 mm<\/li>\n<li>D\u00e9lka:<span class=\"Apple-converted-space\">\u00a0 <\/span>480 mm<\/li>\n<li>V\u00fd\u0161ka kotv\u00edc\u00edch zub\u016f: 36mm<\/li>\n<li>S\u00edla materi\u00e1lu: 4mm<\/li>\n<li>Opat\u0159eno z\u00e1kladov\u00fdm n\u00e1t\u011brem<\/li>\n<\/ul>","protected":false},"excerpt":{"rendered":"<ul>\n<li>speci\u00e1ln\u00ed kl\u00edn pro zaji\u0161t\u011bn\u00ed kolov\u00fdch a p\u00e1sov\u00fdch vozidel na \u017eelezni\u010dn\u00edch vozech vyroben\u00e9 dle mezin\u00e1rodn\u00edch \u017eelezni\u010dn\u00edch nakl\u00e1dac\u00edch p\u0159edpis\u016f<\/li>\n<li>odpov\u00edd\u00e1 mezin\u00e1rodn\u00edm po\u017eadavk\u016fm na fixaci kolov\u00fdch vozidel na \u017eelezni\u010dn\u00edch<span class=\"Apple-converted-space\">\u00a0 \u00a0 \u00a0 \u00a0 \u00a0 \u00a0 <\/span>vozech (p\u0159edpis UIC)<\/li>\n<li>mo\u017enost zaji\u0161t\u011bn\u00ed vozidel o celkov\u00e9 hmotnosti 6 &#8211; 20 tun v\u00a0p\u0159\u00ed\u010dn\u00e9m sm\u011bru pohybu \u017eelezni\u010dn\u00edho pohybu<\/li>\n<\/ul>","protected":false},"featured_media":15667,"template":"","meta":[],"product_cat":[117],"product_tag":[],"class_list":{"0":"post-15666","1":"product","2":"type-product","3":"status-publish","4":"has-post-thumbnail","6":"product_cat-zakladaci-kliny","8":"first","9":"onbackorder","10":"taxable","11":"shipping-taxable","12":"purchasable","13":"product-type-simple"},"_links":{"self":[{"href":"https:\/\/eshop.heposvm.cz\/en\/wp-json\/wp\/v2\/product\/15666","targetHints":{"allow":["GET"]}}],"collection":[{"href":"https:\/\/eshop.heposvm.cz\/en\/wp-json\/wp\/v2\/product"}],"about":[{"href":"https:\/\/eshop.heposvm.cz\/en\/wp-json\/wp\/v2\/types\/product"}],"wp:featuredmedia":[{"embeddable":true,"href":"https:\/\/eshop.heposvm.cz\/en\/wp-json\/wp\/v2\/media\/15667"}],"wp:attachment":[{"href":"https:\/\/eshop.heposvm.cz\/en\/wp-json\/wp\/v2\/media?parent=15666"}],"wp:term":[{"taxonomy":"product_cat","embeddable":true,"href":"https:\/\/eshop.heposvm.cz\/en\/wp-json\/wp\/v2\/product_cat?post=15666"},{"taxonomy":"product_tag","embeddable":true,"href":"https:\/\/eshop.heposvm.cz\/en\/wp-json\/wp\/v2\/product_tag?post=15666"}],"curies":[{"name":"wp","href":"https:\/\/api.w.org\/{rel}","templated":true}]}}