{"id":15670,"date":"2025-01-22T06:12:23","date_gmt":"2025-01-22T06:12:23","guid":{"rendered":"https:\/\/eshop.heposvm.cz\/?post_type=product&#038;p=15670"},"modified":"2025-09-29T07:54:48","modified_gmt":"2025-09-29T07:54:48","slug":"ocelovy-klin-bez-pojezdu","status":"publish","type":"product","link":"https:\/\/eshop.heposvm.cz\/en\/product\/ocelovy-klin-bez-pojezdu\/","title":{"rendered":"Ocelov\u00fd kl\u00edn bez pojezdu"},"content":{"rendered":"<ul>\n<li>ocelov\u00fd kl\u00edn pro zaji\u0161t\u011bn\u00ed n\u00e1kladn\u00edch vozidel<\/li>\n<li>kl\u00edny je mo\u017en\u00e9 vyrobit v lev\u00e9m i prav\u00e9m proveden\u00ed dle po\u017eadavku z\u00e1kazn\u00edka<\/li>\n<\/ul>","protected":false},"excerpt":{"rendered":"<ul>\n<li>ocelov\u00fd kl\u00edn pro zaji\u0161t\u011bn\u00ed n\u00e1kladn\u00edch vozidel<\/li>\n<li>kl\u00edny je mo\u017en\u00e9 vyrobit v lev\u00e9m i prav\u00e9m proveden\u00ed dle po\u017eadavku z\u00e1kazn\u00edka<\/li>\n<\/ul>","protected":false},"featured_media":15671,"template":"","meta":[],"product_cat":[117],"product_tag":[],"class_list":{"0":"post-15670","1":"product","2":"type-product","3":"status-publish","4":"has-post-thumbnail","6":"product_cat-zakladaci-kliny","8":"first","9":"onbackorder","10":"taxable","11":"shipping-taxable","12":"purchasable","13":"product-type-simple"},"_links":{"self":[{"href":"https:\/\/eshop.heposvm.cz\/en\/wp-json\/wp\/v2\/product\/15670","targetHints":{"allow":["GET"]}}],"collection":[{"href":"https:\/\/eshop.heposvm.cz\/en\/wp-json\/wp\/v2\/product"}],"about":[{"href":"https:\/\/eshop.heposvm.cz\/en\/wp-json\/wp\/v2\/types\/product"}],"wp:featuredmedia":[{"embeddable":true,"href":"https:\/\/eshop.heposvm.cz\/en\/wp-json\/wp\/v2\/media\/15671"}],"wp:attachment":[{"href":"https:\/\/eshop.heposvm.cz\/en\/wp-json\/wp\/v2\/media?parent=15670"}],"wp:term":[{"taxonomy":"product_cat","embeddable":true,"href":"https:\/\/eshop.heposvm.cz\/en\/wp-json\/wp\/v2\/product_cat?post=15670"},{"taxonomy":"product_tag","embeddable":true,"href":"https:\/\/eshop.heposvm.cz\/en\/wp-json\/wp\/v2\/product_tag?post=15670"}],"curies":[{"name":"wp","href":"https:\/\/api.w.org\/{rel}","templated":true}]}}