{"id":15919,"date":"2026-03-18T05:49:39","date_gmt":"2026-03-18T05:49:39","guid":{"rendered":"https:\/\/eshop.heposvm.cz\/?post_type=product&#038;p=15919"},"modified":"2026-03-18T05:52:46","modified_gmt":"2026-03-18T05:52:46","slug":"nerezove-zabradli","status":"publish","type":"product","link":"https:\/\/eshop.heposvm.cz\/en\/product\/nerezove-zabradli\/","title":{"rendered":"Nerezov\u00e9 z\u00e1bradl\u00ed"},"content":{"rendered":"<ul>\n<li>nerezov\u00e9 le\u0161t\u011bn\u00e9 z\u00e1bradl\u00ed s podsv\u00edcen\u00edm led p\u00e1skou zapu\u0161t\u011bnou v madle<\/li>\n<\/ul>\n<p>Pro v\u00edce informac\u00ed o zak\u00e1zkov\u00e9 v\u00fdrob\u011b volejte na +420 606 028 784 nebo pi\u0161t\u011b na\u00a0email:\u00a0<a href=\"mailto:p.masek@heposvm.cz\">p.masek@heposvm.cz<\/a><\/p>","protected":false},"excerpt":{"rendered":"<p>nerezov\u00e9 le\u0161t\u011bn\u00e9 z\u00e1bradl\u00ed s podsv\u00edcen\u00edm led p\u00e1skou zapu\u0161t\u011bnou v madle Pro v\u00edce informac\u00ed o zak\u00e1zkov\u00e9 v\u00fdrob\u011b volejte na +420 606 028 784 nebo pi\u0161t\u011b na\u00a0email:\u00a0p.masek@heposvm.cz<\/p>","protected":false},"featured_media":15230,"template":"","meta":[],"product_cat":[120],"product_tag":[],"class_list":{"0":"post-15919","1":"product","2":"type-product","3":"status-publish","4":"has-post-thumbnail","6":"product_cat-zakazkova-vyroba","8":"first","9":"onbackorder","10":"taxable","11":"shipping-taxable","12":"product-type-simple"},"_links":{"self":[{"href":"https:\/\/eshop.heposvm.cz\/en\/wp-json\/wp\/v2\/product\/15919","targetHints":{"allow":["GET"]}}],"collection":[{"href":"https:\/\/eshop.heposvm.cz\/en\/wp-json\/wp\/v2\/product"}],"about":[{"href":"https:\/\/eshop.heposvm.cz\/en\/wp-json\/wp\/v2\/types\/product"}],"wp:featuredmedia":[{"embeddable":true,"href":"https:\/\/eshop.heposvm.cz\/en\/wp-json\/wp\/v2\/media\/15230"}],"wp:attachment":[{"href":"https:\/\/eshop.heposvm.cz\/en\/wp-json\/wp\/v2\/media?parent=15919"}],"wp:term":[{"taxonomy":"product_cat","embeddable":true,"href":"https:\/\/eshop.heposvm.cz\/en\/wp-json\/wp\/v2\/product_cat?post=15919"},{"taxonomy":"product_tag","embeddable":true,"href":"https:\/\/eshop.heposvm.cz\/en\/wp-json\/wp\/v2\/product_tag?post=15919"}],"curies":[{"name":"wp","href":"https:\/\/api.w.org\/{rel}","templated":true}]}}