{"id":182,"date":"2015-04-01T17:12:44","date_gmt":"2015-04-01T17:12:44","guid":{"rendered":"http:\/\/eshop.heposvm.cz\/?post_type=product&#038;p=182"},"modified":"2024-02-14T05:50:58","modified_gmt":"2024-02-14T05:50:58","slug":"hepos-tt-2-profi","status":"publish","type":"product","link":"https:\/\/eshop.heposvm.cz\/en\/product\/hepos-tt-2-profi\/","title":{"rendered":"Hepos TT-2 Profi"},"content":{"rendered":"<p>Certifikovan\u00e1 ta\u017en\u00e1 ty\u010d pro odtahy motorov\u00fdch vozidel do hmotnosti 2300kg v proveden\u00ed s ta\u017en\u00fdm okem a spojovac\u00edm za\u0159\u00edzen\u00edm ISO50<\/p>\n<p>Ta\u017en\u00e1 ty\u010d ur\u010den\u00e1 k bezpe\u010dn\u00e9mu vle\u010den\u00ed vozu.<\/p>\n<p style=\"font-weight: 400;\">Tento v\u00fdrobek je shodn\u00fd s typem schv\u00e1len\u00fdm Ministerstvem dopravy \u010cR \u010d. 8SD 2800\/III., odpov\u00edd\u00e1 Z\u00e1konu o provozu na pozemn\u00edch komunikac\u00edch a byl testov\u00e1n st\u00e1tn\u00ed zku\u0161ebnou.<br \/>\nProfesion\u00e1ln\u00ed odtahov\u00e1 sada obsahuje z\u00e1kladn\u00ed t\u0159\u00edd\u00edlnou ty\u010d TT-2\u00a0Help, d\u00e1le pak koncov\u00fd d\u00edl s\u00a0okem pr\u016fm\u011br 32\u00a0mm a koncov\u00fd d\u00edl se z\u00e1v\u011bsem pro kouli ISO 50.<\/p>\n<p>Hmotnost: 11 kg<\/p>\n<p>P\u0159i koupi <strong>2<\/strong>ks \u00a0 cena 5194 \u00a0K\u010d bez DPH<br \/>\nP\u0159i koupi <strong>5<\/strong>ks \u00a0 cena 5035 K\u010d bez DPH<br \/>\nP\u0159i koupi <strong>10<\/strong>ks cena 4770 K\u010d bez DPH<\/p>","protected":false},"excerpt":{"rendered":"<p>Certifikovan\u00e1 ta\u017en\u00e1 ty\u010d pro odtahy motorov\u00fdch vozidel do hmotnosti 2300kg v proveden\u00ed s ta\u017en\u00fdm okem a spojovac\u00edm za\u0159\u00edzen\u00edm ISO50 Ta\u017en\u00e1 ty\u010d ur\u010den\u00e1 k bezpe\u010dn\u00e9mu vle\u010den\u00ed vozu. Tento v\u00fdrobek je shodn\u00fd s typem schv\u00e1len\u00fdm Ministerstvem dopravy \u010cR \u010d. 8SD 2800\/III., odpov\u00edd\u00e1 Z\u00e1konu o provozu na pozemn\u00edch komunikac\u00edch a byl testov\u00e1n st\u00e1tn\u00ed zku\u0161ebnou. Profesion\u00e1ln\u00ed odtahov\u00e1 sada obsahuje [&hellip;]<\/p>\n","protected":false},"featured_media":15134,"template":"","meta":[],"product_cat":[112,113],"product_tag":[51,74,78,79,83,84,88],"class_list":{"0":"post-182","1":"product","2":"type-product","3":"status-publish","4":"has-post-thumbnail","6":"product_cat-tazne-tyce","7":"product_cat-osobni-automobily","8":"product_tag-boxshop","9":"product_tag-skygroup","10":"product_tag-theme-sky","11":"product_tag-upstore","12":"product_tag-woocommerce","13":"product_tag-wordpress","14":"product_tag-zamona","16":"first","17":"instock","18":"taxable","19":"shipping-taxable","20":"purchasable","21":"product-type-simple"},"_links":{"self":[{"href":"https:\/\/eshop.heposvm.cz\/en\/wp-json\/wp\/v2\/product\/182","targetHints":{"allow":["GET"]}}],"collection":[{"href":"https:\/\/eshop.heposvm.cz\/en\/wp-json\/wp\/v2\/product"}],"about":[{"href":"https:\/\/eshop.heposvm.cz\/en\/wp-json\/wp\/v2\/types\/product"}],"wp:featuredmedia":[{"embeddable":true,"href":"https:\/\/eshop.heposvm.cz\/en\/wp-json\/wp\/v2\/media\/15134"}],"wp:attachment":[{"href":"https:\/\/eshop.heposvm.cz\/en\/wp-json\/wp\/v2\/media?parent=182"}],"wp:term":[{"taxonomy":"product_cat","embeddable":true,"href":"https:\/\/eshop.heposvm.cz\/en\/wp-json\/wp\/v2\/product_cat?post=182"},{"taxonomy":"product_tag","embeddable":true,"href":"https:\/\/eshop.heposvm.cz\/en\/wp-json\/wp\/v2\/product_tag?post=182"}],"curies":[{"name":"wp","href":"https:\/\/api.w.org\/{rel}","templated":true}]}}